{"id":747,"date":"2020-06-16T06:56:33","date_gmt":"2020-06-16T06:56:33","guid":{"rendered":"https:\/\/zakra-agency.sites.qsandbox.com\/?page_id=28"},"modified":"2026-02-26T21:40:29","modified_gmt":"2026-02-26T20:40:29","slug":"contact","status":"publish","type":"page","link":"https:\/\/luxopuncture-reims.fr\/index.php\/contact\/","title":{"rendered":"Contact"},"content":{"rendered":"\t\t<div data-elementor-type=\"wp-page\" data-elementor-id=\"747\" class=\"elementor elementor-747\">\n\t\t\t\t\t\t<section class=\"elementor-section elementor-top-section elementor-element elementor-element-f19e403 elementor-section-full_width elementor-section-height-default elementor-section-height-default\" data-id=\"f19e403\" data-element_type=\"section\" data-e-type=\"section\" data-settings=\"{&quot;background_background&quot;:&quot;classic&quot;}\">\n\t\t\t\t\t\t<div class=\"elementor-container elementor-column-gap-default\">\n\t\t\t\t\t<div class=\"elementor-column elementor-col-100 elementor-top-column elementor-element elementor-element-5e08fc3\" data-id=\"5e08fc3\" data-element_type=\"column\" data-e-type=\"column\">\n\t\t\t<div class=\"elementor-widget-wrap elementor-element-populated\">\n\t\t\t\t\t\t<div class=\"elementor-element elementor-element-276cfd1 elementor-widget elementor-widget-spacer\" data-id=\"276cfd1\" data-element_type=\"widget\" data-e-type=\"widget\" data-widget_type=\"spacer.default\">\n\t\t\t\t<div class=\"elementor-widget-container\">\n\t\t\t\t\t\t\t<div class=\"elementor-spacer\">\n\t\t\t<div class=\"elementor-spacer-inner\"><\/div>\n\t\t<\/div>\n\t\t\t\t\t\t<\/div>\n\t\t\t\t<\/div>\n\t\t\t\t<div class=\"elementor-element elementor-element-976be7e elementor-widget elementor-widget-heading\" data-id=\"976be7e\" data-element_type=\"widget\" data-e-type=\"widget\" data-widget_type=\"heading.default\">\n\t\t\t\t<div class=\"elementor-widget-container\">\n\t\t\t\t\t<h3 class=\"elementor-heading-title elementor-size-default\">Pour toute question, n'h\u00e9sitez pas \u00e0 nous contacter<\/h3>\t\t\t\t<\/div>\n\t\t\t\t<\/div>\n\t\t\t\t\t<\/div>\n\t\t<\/div>\n\t\t\t\t\t<\/div>\n\t\t<\/section>\n\t\t\t\t<section class=\"elementor-section elementor-top-section elementor-element elementor-element-2bbaa58 elementor-section-boxed elementor-section-height-default elementor-section-height-default\" data-id=\"2bbaa58\" data-element_type=\"section\" data-e-type=\"section\" data-settings=\"{&quot;background_background&quot;:&quot;classic&quot;}\">\n\t\t\t\t\t\t<div class=\"elementor-container elementor-column-gap-default\">\n\t\t\t\t\t<div class=\"elementor-column elementor-col-50 elementor-top-column elementor-element elementor-element-1418110\" data-id=\"1418110\" data-element_type=\"column\" data-e-type=\"column\">\n\t\t\t<div class=\"elementor-widget-wrap elementor-element-populated\">\n\t\t\t\t\t\t<div class=\"elementor-element elementor-element-f4e575a elementor-invisible elementor-widget elementor-widget-shortcode\" data-id=\"f4e575a\" data-element_type=\"widget\" data-e-type=\"widget\" data-settings=\"{&quot;_animation&quot;:&quot;fadeInLeft&quot;}\" data-widget_type=\"shortcode.default\">\n\t\t\t\t<div class=\"elementor-widget-container\">\n\t\t\t\t\t\t\t<div class=\"elementor-shortcode\">\n<div class=\"wpcf7 no-js\" id=\"wpcf7-f954-o1\" lang=\"fr-FR\" dir=\"ltr\" data-wpcf7-id=\"954\">\n<div class=\"screen-reader-response\"><p role=\"status\" aria-live=\"polite\" aria-atomic=\"true\"><\/p> <ul><\/ul><\/div>\n<form action=\"\/index.php\/wp-json\/wp\/v2\/pages\/747#wpcf7-f954-o1\" method=\"post\" class=\"wpcf7-form init\" aria-label=\"Formulaire de contact\" novalidate=\"novalidate\" data-status=\"init\">\n<fieldset class=\"hidden-fields-container\"><input type=\"hidden\" name=\"_wpcf7\" value=\"954\" \/><input type=\"hidden\" name=\"_wpcf7_version\" value=\"6.1.5\" \/><input type=\"hidden\" name=\"_wpcf7_locale\" value=\"fr_FR\" \/><input type=\"hidden\" name=\"_wpcf7_unit_tag\" value=\"wpcf7-f954-o1\" \/><input type=\"hidden\" name=\"_wpcf7_container_post\" value=\"0\" \/><input type=\"hidden\" name=\"_wpcf7_posted_data_hash\" value=\"\" \/><input type=\"hidden\" name=\"_wpcf7_recaptcha_response\" value=\"\" \/>\n<\/fieldset>\n<p><label> Votre pr\u00e9nom*<br \/>\n<span class=\"wpcf7-form-control-wrap\" data-name=\"your-name\"><input size=\"40\" maxlength=\"400\" class=\"wpcf7-form-control wpcf7-text wpcf7-validates-as-required\" aria-required=\"true\" aria-invalid=\"false\" value=\"\" type=\"text\" name=\"your-name\" \/><\/span> <\/label>\n<\/p>\n<p><label> Votre nom*<br \/>\n<span class=\"wpcf7-form-control-wrap\" data-name=\"your-name2\"><input size=\"40\" maxlength=\"400\" class=\"wpcf7-form-control wpcf7-text wpcf7-validates-as-required\" aria-required=\"true\" aria-invalid=\"false\" value=\"\" type=\"text\" name=\"your-name2\" \/><\/span> <\/label>\n<\/p>\n<p><label> Votre t\u00e9l\u00e9phone*<br \/>\n<span class=\"wpcf7-form-control-wrap\" data-name=\"tel-472\"><input size=\"40\" maxlength=\"400\" class=\"wpcf7-form-control wpcf7-tel wpcf7-validates-as-required wpcf7-text wpcf7-validates-as-tel\" aria-required=\"true\" aria-invalid=\"false\" value=\"\" type=\"tel\" name=\"tel-472\" \/><\/span> <\/label>\n<\/p>\n<p><label> Votre e-mail*<br \/>\n<span class=\"wpcf7-form-control-wrap\" data-name=\"your-email\"><input size=\"40\" maxlength=\"400\" class=\"wpcf7-form-control wpcf7-email wpcf7-validates-as-required wpcf7-text wpcf7-validates-as-email\" aria-required=\"true\" aria-invalid=\"false\" value=\"\" type=\"email\" name=\"your-email\" \/><\/span> <\/label>\n<\/p>\n<p><label> Quel est l'objet de votre demande ?<br \/>\n<span class=\"wpcf7-form-control-wrap\" data-name=\"select-219\"><select class=\"wpcf7-form-control wpcf7-select\" aria-invalid=\"false\" name=\"select-219\"><option value=\"Amincissement (poids, compulsions)\">Amincissement (poids, compulsions)<\/option><option value=\"Arr\u00eat du Tabac\">Arr\u00eat du Tabac<\/option><option value=\"Troubles de la M\u00e9nopause\">Troubles de la M\u00e9nopause<\/option><option value=\"Relaxation \/ Sommeil\">Relaxation \/ Sommeil<\/option><option value=\"Rajeunissement du visage\">Rajeunissement du visage<\/option><option value=\"Autre demande\">Autre demande<\/option><\/select><\/span><\/label>\n<\/p>\n<p><label> Souhaitez-vous un \u00e9change t\u00e9l\u00e9phonique ?<br \/>\n<span class=\"wpcf7-form-control-wrap\" data-name=\"acceptance-743\"><span class=\"wpcf7-form-control wpcf7-acceptance optional\"><span class=\"wpcf7-list-item\"><label><input type=\"checkbox\" name=\"acceptance-743\" value=\"1\" aria-invalid=\"false\" \/><span class=\"wpcf7-list-item-label\">Oui, je souhaite \u00eatre rappel\u00e9(e) de vive voix.<\/span><\/label><\/span><\/span><\/span><\/label>\n<\/p>\n<p><label> Vos disponibilit\u00e9s pour le rappel :<br \/>\n<span class=\"wpcf7-form-control-wrap\" data-name=\"text-936\"><input size=\"40\" maxlength=\"400\" class=\"wpcf7-form-control wpcf7-text\" aria-invalid=\"false\" value=\"\" type=\"text\" name=\"text-936\" \/><\/span><\/label>\n<\/p>\n<p><label> Votre message*<br \/>\n<span class=\"wpcf7-form-control-wrap\" data-name=\"your-message\"><textarea cols=\"40\" rows=\"10\" maxlength=\"2000\" class=\"wpcf7-form-control wpcf7-textarea wpcf7-validates-as-required\" aria-required=\"true\" aria-invalid=\"false\" name=\"your-message\"><\/textarea><\/span> <\/label>\n<\/p>\n<p><input class=\"wpcf7-form-control wpcf7-submit has-spinner\" type=\"submit\" value=\"Envoyer\" \/>\n<\/p><div class=\"wpcf7-response-output\" aria-hidden=\"true\"><\/div>\n<\/form>\n<\/div>\n<\/div>\n\t\t\t\t\t\t<\/div>\n\t\t\t\t<\/div>\n\t\t\t\t\t<\/div>\n\t\t<\/div>\n\t\t\t\t<div class=\"elementor-column elementor-col-50 elementor-top-column elementor-element elementor-element-28adb82 elementor-invisible\" data-id=\"28adb82\" data-element_type=\"column\" data-e-type=\"column\" data-settings=\"{&quot;animation&quot;:&quot;fadeInRight&quot;}\">\n\t\t\t<div class=\"elementor-widget-wrap elementor-element-populated\">\n\t\t\t\t\t\t<div class=\"elementor-element elementor-element-3bf9b30 elementor-widget elementor-widget-google_maps\" data-id=\"3bf9b30\" data-element_type=\"widget\" data-e-type=\"widget\" data-settings=\"{&quot;_animation&quot;:&quot;none&quot;}\" data-widget_type=\"google_maps.default\">\n\t\t\t\t<div class=\"elementor-widget-container\">\n\t\t\t\t\t\t\t<div class=\"elementor-custom-embed\">\n\t\t\t<iframe loading=\"lazy\"\n\t\t\t\t\tsrc=\"https:\/\/maps.google.com\/maps?q=P%C3%B4le%20m%C3%A9dical%20et%20param%C3%A9dical%20de%20Courlancy%2038%20bis%2C%20rue%20de%20Courlancy%20Entr%C3%A9e%202%20-%20c%C3%B4t%C3%A9%20Urgences%20-%20RDC%2051100%20Reims%20T&#038;t=m&#038;z=15&#038;output=embed&#038;iwloc=near\"\n\t\t\t\t\ttitle=\"P\u00f4le m\u00e9dical et param\u00e9dical de Courlancy 38 bis, rue de Courlancy Entr\u00e9e 2 - c\u00f4t\u00e9 Urgences - RDC 51100 Reims T\"\n\t\t\t\t\taria-label=\"P\u00f4le m\u00e9dical et param\u00e9dical de Courlancy 38 bis, rue de Courlancy Entr\u00e9e 2 - c\u00f4t\u00e9 Urgences - RDC 51100 Reims T\"\n\t\t\t><\/iframe>\n\t\t<\/div>\n\t\t\t\t\t\t<\/div>\n\t\t\t\t<\/div>\n\t\t\t\t<div class=\"elementor-element elementor-element-2a7c379 elementor-widget elementor-widget-text-editor\" data-id=\"2a7c379\" data-element_type=\"widget\" data-e-type=\"widget\" data-widget_type=\"text-editor.default\">\n\t\t\t\t<div class=\"elementor-widget-container\">\n\t\t\t\t\t\t\t\t\t<p>P\u00f4le m\u00e9dical et param\u00e9dical de Courlancy<br \/>38 bis, rue de Courlancy<br \/>Entr\u00e9e 2 &#8211; c\u00f4t\u00e9 Urgences &#8211; RDC 51100 Reims<br \/>T\u00e9l\u00e9phone\u00a0: 06 95 16 19 93<\/p>\t\t\t\t\t\t\t\t<\/div>\n\t\t\t\t<\/div>\n\t\t\t\t\t<\/div>\n\t\t<\/div>\n\t\t\t\t\t<\/div>\n\t\t<\/section>\n\t\t\t\t<section class=\"elementor-section elementor-top-section elementor-element elementor-element-7fbfdf4 elementor-section-boxed elementor-section-height-default elementor-section-height-default\" data-id=\"7fbfdf4\" data-element_type=\"section\" data-e-type=\"section\">\n\t\t\t\t\t\t<div class=\"elementor-container elementor-column-gap-default\">\n\t\t\t\t\t<div class=\"elementor-column elementor-col-100 elementor-top-column elementor-element elementor-element-5bb090b\" data-id=\"5bb090b\" data-element_type=\"column\" data-e-type=\"column\">\n\t\t\t<div class=\"elementor-widget-wrap elementor-element-populated\">\n\t\t\t\t\t\t<div class=\"elementor-element elementor-element-c4e85b3 elementor-icon-list--layout-inline elementor-align-center elementor-list-item-link-full_width elementor-widget elementor-widget-icon-list\" data-id=\"c4e85b3\" data-element_type=\"widget\" data-e-type=\"widget\" data-widget_type=\"icon-list.default\">\n\t\t\t\t<div class=\"elementor-widget-container\">\n\t\t\t\t\t\t\t<ul class=\"elementor-icon-list-items elementor-inline-items\">\n\t\t\t\t\t\t\t<li class=\"elementor-icon-list-item elementor-inline-item\">\n\t\t\t\t\t\t\t\t\t\t\t<a href=\"https:\/\/www.facebook.com\/luxo.reims\/\">\n\n\t\t\t\t\t\t\t\t\t\t\t\t<span class=\"elementor-icon-list-icon\">\n\t\t\t\t\t\t\t<i aria-hidden=\"true\" class=\"fab fa-facebook-f\"><\/i>\t\t\t\t\t\t<\/span>\n\t\t\t\t\t\t\t\t\t\t<span class=\"elementor-icon-list-text\"><\/span>\n\t\t\t\t\t\t\t\t\t\t\t<\/a>\n\t\t\t\t\t\t\t\t\t<\/li>\n\t\t\t\t\t\t\t\t<li class=\"elementor-icon-list-item elementor-inline-item\">\n\t\t\t\t\t\t\t\t\t\t\t<a href=\"https:\/\/www.linkedin.com\/in\/rachel-forget-1a62a271\/?originalSubdomain=fr\">\n\n\t\t\t\t\t\t\t\t\t\t\t\t<span class=\"elementor-icon-list-icon\">\n\t\t\t\t\t\t\t<i aria-hidden=\"true\" class=\"fab fa-linkedin-in\"><\/i>\t\t\t\t\t\t<\/span>\n\t\t\t\t\t\t\t\t\t\t<span class=\"elementor-icon-list-text\"><\/span>\n\t\t\t\t\t\t\t\t\t\t\t<\/a>\n\t\t\t\t\t\t\t\t\t<\/li>\n\t\t\t\t\t\t\t\t<li class=\"elementor-icon-list-item elementor-inline-item\">\n\t\t\t\t\t\t\t\t\t\t\t<a href=\"https:\/\/www.youtube.com\/playlist?list=PLtvcnizCFZ7B-Oy52C79CKT5WIqZzM7RH\">\n\n\t\t\t\t\t\t\t\t\t\t\t\t<span class=\"elementor-icon-list-icon\">\n\t\t\t\t\t\t\t<i aria-hidden=\"true\" class=\"fab fa-youtube\"><\/i>\t\t\t\t\t\t<\/span>\n\t\t\t\t\t\t\t\t\t\t<span class=\"elementor-icon-list-text\"><\/span>\n\t\t\t\t\t\t\t\t\t\t\t<\/a>\n\t\t\t\t\t\t\t\t\t<\/li>\n\t\t\t\t\t\t\t\t<li class=\"elementor-icon-list-item elementor-inline-item\">\n\t\t\t\t\t\t\t\t\t\t\t<a href=\"https:\/\/www.instagram.com\/luxo_reims\/?show_story_unavailable=1\">\n\n\t\t\t\t\t\t\t\t\t\t\t\t<span class=\"elementor-icon-list-icon\">\n\t\t\t\t\t\t\t<i aria-hidden=\"true\" class=\"fab fa-instagram\"><\/i>\t\t\t\t\t\t<\/span>\n\t\t\t\t\t\t\t\t\t\t<span class=\"elementor-icon-list-text\"><\/span>\n\t\t\t\t\t\t\t\t\t\t\t<\/a>\n\t\t\t\t\t\t\t\t\t<\/li>\n\t\t\t\t\t\t<\/ul>\n\t\t\t\t\t\t<\/div>\n\t\t\t\t<\/div>\n\t\t\t\t\t<\/div>\n\t\t<\/div>\n\t\t\t\t\t<\/div>\n\t\t<\/section>\n\t\t\t\t<\/div>\n\t\t","protected":false},"excerpt":{"rendered":"<p>Pour toute question, n&rsquo;h\u00e9sitez pas \u00e0 nous contacter P\u00f4le m\u00e9dical et param\u00e9dical de Courlancy38 bis, rue de CourlancyEntr\u00e9e 2 &#8211; c\u00f4t\u00e9 Urgences &#8211; RDC 51100 ReimsT\u00e9l\u00e9phone\u00a0: 06 95 16 19 93<\/p>\n","protected":false},"author":1,"featured_media":0,"parent":0,"menu_order":0,"comment_status":"closed","ping_status":"closed","template":"page-templates\/pagebuilder.php","meta":{"zakra_page_container_layout":"stretched","zakra_page_sidebar_layout":"no_sidebar","zakra_remove_content_margin":false,"zakra_sidebar":"customizer","zakra_transparent_header":"customizer","zakra_logo":1838,"zakra_main_header_style":"default","zakra_menu_item_color":"","zakra_menu_item_hover_color":"","zakra_menu_item_active_color":"","zakra_menu_active_style":"","zakra_page_header":false,"footnotes":""},"class_list":["post-747","page","type-page","status-publish","hentry"],"yoast_head":"<!-- This site is optimized with the Yoast SEO plugin v27.4 - https:\/\/yoast.com\/product\/yoast-seo-wordpress\/ -->\n<title>Contact - LUXOPUNCTURE REIMS<\/title>\n<meta name=\"robots\" content=\"index, follow, max-snippet:-1, max-image-preview:large, max-video-preview:-1\" \/>\n<link rel=\"canonical\" href=\"https:\/\/luxopuncture-reims.fr\/index.php\/contact\/\" \/>\n<meta property=\"og:locale\" content=\"fr_FR\" \/>\n<meta property=\"og:type\" content=\"article\" \/>\n<meta property=\"og:title\" content=\"Contact - LUXOPUNCTURE REIMS\" \/>\n<meta property=\"og:description\" content=\"Pour toute question, n&rsquo;h\u00e9sitez pas \u00e0 nous contacter P\u00f4le m\u00e9dical et param\u00e9dical de Courlancy38 bis, rue de CourlancyEntr\u00e9e 2 &#8211; c\u00f4t\u00e9 Urgences &#8211; RDC 51100 ReimsT\u00e9l\u00e9phone\u00a0: 06 95 16 19 93\" \/>\n<meta property=\"og:url\" content=\"https:\/\/luxopuncture-reims.fr\/index.php\/contact\/\" \/>\n<meta property=\"og:site_name\" content=\"LUXOPUNCTURE REIMS\" \/>\n<meta property=\"article:modified_time\" content=\"2026-02-26T20:40:29+00:00\" \/>\n<meta name=\"twitter:card\" content=\"summary_large_image\" \/>\n<meta name=\"twitter:label1\" content=\"Dur\u00e9e de lecture estim\u00e9e\" \/>\n\t<meta name=\"twitter:data1\" content=\"1 minute\" \/>\n<script type=\"application\/ld+json\" class=\"yoast-schema-graph\">{\"@context\":\"https:\\\/\\\/schema.org\",\"@graph\":[{\"@type\":\"WebPage\",\"@id\":\"https:\\\/\\\/luxopuncture-reims.fr\\\/index.php\\\/contact\\\/\",\"url\":\"https:\\\/\\\/luxopuncture-reims.fr\\\/index.php\\\/contact\\\/\",\"name\":\"Contact - LUXOPUNCTURE REIMS\",\"isPartOf\":{\"@id\":\"https:\\\/\\\/luxopuncture-reims.fr\\\/#website\"},\"datePublished\":\"2020-06-16T06:56:33+00:00\",\"dateModified\":\"2026-02-26T20:40:29+00:00\",\"breadcrumb\":{\"@id\":\"https:\\\/\\\/luxopuncture-reims.fr\\\/index.php\\\/contact\\\/#breadcrumb\"},\"inLanguage\":\"fr-FR\",\"potentialAction\":[{\"@type\":\"ReadAction\",\"target\":[\"https:\\\/\\\/luxopuncture-reims.fr\\\/index.php\\\/contact\\\/\"]}]},{\"@type\":\"BreadcrumbList\",\"@id\":\"https:\\\/\\\/luxopuncture-reims.fr\\\/index.php\\\/contact\\\/#breadcrumb\",\"itemListElement\":[{\"@type\":\"ListItem\",\"position\":1,\"name\":\"Accueil\",\"item\":\"https:\\\/\\\/luxopuncture-reims.fr\\\/\"},{\"@type\":\"ListItem\",\"position\":2,\"name\":\"Contact\"}]},{\"@type\":\"WebSite\",\"@id\":\"https:\\\/\\\/luxopuncture-reims.fr\\\/#website\",\"url\":\"https:\\\/\\\/luxopuncture-reims.fr\\\/\",\"name\":\"LUXOPUNCTURE REIMS\",\"description\":\"\",\"publisher\":{\"@id\":\"https:\\\/\\\/luxopuncture-reims.fr\\\/#organization\"},\"potentialAction\":[{\"@type\":\"SearchAction\",\"target\":{\"@type\":\"EntryPoint\",\"urlTemplate\":\"https:\\\/\\\/luxopuncture-reims.fr\\\/?s={search_term_string}\"},\"query-input\":{\"@type\":\"PropertyValueSpecification\",\"valueRequired\":true,\"valueName\":\"search_term_string\"}}],\"inLanguage\":\"fr-FR\"},{\"@type\":\"Organization\",\"@id\":\"https:\\\/\\\/luxopuncture-reims.fr\\\/#organization\",\"name\":\"LUXOPUNCTURE REIMS\",\"url\":\"https:\\\/\\\/luxopuncture-reims.fr\\\/\",\"logo\":{\"@type\":\"ImageObject\",\"inLanguage\":\"fr-FR\",\"@id\":\"https:\\\/\\\/luxopuncture-reims.fr\\\/#\\\/schema\\\/logo\\\/image\\\/\",\"url\":\"https:\\\/\\\/luxopuncture-reims.fr\\\/wp-content\\\/uploads\\\/2021\\\/06\\\/cropped-cropped-logo-e1624392191257.jpg\",\"contentUrl\":\"https:\\\/\\\/luxopuncture-reims.fr\\\/wp-content\\\/uploads\\\/2021\\\/06\\\/cropped-cropped-logo-e1624392191257.jpg\",\"width\":200,\"height\":50,\"caption\":\"LUXOPUNCTURE REIMS\"},\"image\":{\"@id\":\"https:\\\/\\\/luxopuncture-reims.fr\\\/#\\\/schema\\\/logo\\\/image\\\/\"}}]}<\/script>\n<!-- \/ Yoast SEO plugin. -->","yoast_head_json":{"title":"Contact - LUXOPUNCTURE REIMS","robots":{"index":"index","follow":"follow","max-snippet":"max-snippet:-1","max-image-preview":"max-image-preview:large","max-video-preview":"max-video-preview:-1"},"canonical":"https:\/\/luxopuncture-reims.fr\/index.php\/contact\/","og_locale":"fr_FR","og_type":"article","og_title":"Contact - LUXOPUNCTURE REIMS","og_description":"Pour toute question, n&rsquo;h\u00e9sitez pas \u00e0 nous contacter P\u00f4le m\u00e9dical et param\u00e9dical de Courlancy38 bis, rue de CourlancyEntr\u00e9e 2 &#8211; c\u00f4t\u00e9 Urgences &#8211; RDC 51100 ReimsT\u00e9l\u00e9phone\u00a0: 06 95 16 19 93","og_url":"https:\/\/luxopuncture-reims.fr\/index.php\/contact\/","og_site_name":"LUXOPUNCTURE REIMS","article_modified_time":"2026-02-26T20:40:29+00:00","twitter_card":"summary_large_image","twitter_misc":{"Dur\u00e9e de lecture estim\u00e9e":"1 minute"},"schema":{"@context":"https:\/\/schema.org","@graph":[{"@type":"WebPage","@id":"https:\/\/luxopuncture-reims.fr\/index.php\/contact\/","url":"https:\/\/luxopuncture-reims.fr\/index.php\/contact\/","name":"Contact - LUXOPUNCTURE REIMS","isPartOf":{"@id":"https:\/\/luxopuncture-reims.fr\/#website"},"datePublished":"2020-06-16T06:56:33+00:00","dateModified":"2026-02-26T20:40:29+00:00","breadcrumb":{"@id":"https:\/\/luxopuncture-reims.fr\/index.php\/contact\/#breadcrumb"},"inLanguage":"fr-FR","potentialAction":[{"@type":"ReadAction","target":["https:\/\/luxopuncture-reims.fr\/index.php\/contact\/"]}]},{"@type":"BreadcrumbList","@id":"https:\/\/luxopuncture-reims.fr\/index.php\/contact\/#breadcrumb","itemListElement":[{"@type":"ListItem","position":1,"name":"Accueil","item":"https:\/\/luxopuncture-reims.fr\/"},{"@type":"ListItem","position":2,"name":"Contact"}]},{"@type":"WebSite","@id":"https:\/\/luxopuncture-reims.fr\/#website","url":"https:\/\/luxopuncture-reims.fr\/","name":"LUXOPUNCTURE REIMS","description":"","publisher":{"@id":"https:\/\/luxopuncture-reims.fr\/#organization"},"potentialAction":[{"@type":"SearchAction","target":{"@type":"EntryPoint","urlTemplate":"https:\/\/luxopuncture-reims.fr\/?s={search_term_string}"},"query-input":{"@type":"PropertyValueSpecification","valueRequired":true,"valueName":"search_term_string"}}],"inLanguage":"fr-FR"},{"@type":"Organization","@id":"https:\/\/luxopuncture-reims.fr\/#organization","name":"LUXOPUNCTURE REIMS","url":"https:\/\/luxopuncture-reims.fr\/","logo":{"@type":"ImageObject","inLanguage":"fr-FR","@id":"https:\/\/luxopuncture-reims.fr\/#\/schema\/logo\/image\/","url":"https:\/\/luxopuncture-reims.fr\/wp-content\/uploads\/2021\/06\/cropped-cropped-logo-e1624392191257.jpg","contentUrl":"https:\/\/luxopuncture-reims.fr\/wp-content\/uploads\/2021\/06\/cropped-cropped-logo-e1624392191257.jpg","width":200,"height":50,"caption":"LUXOPUNCTURE REIMS"},"image":{"@id":"https:\/\/luxopuncture-reims.fr\/#\/schema\/logo\/image\/"}}]}},"rttpg_featured_image_url":null,"rttpg_author":{"display_name":"admin5774","author_link":"https:\/\/luxopuncture-reims.fr\/index.php\/author\/admin5774\/"},"rttpg_comment":0,"rttpg_category":null,"rttpg_excerpt":"Pour toute question, n&rsquo;h\u00e9sitez pas \u00e0 nous contacter P\u00f4le m\u00e9dical et param\u00e9dical de Courlancy38 bis, rue de CourlancyEntr\u00e9e 2 &#8211; c\u00f4t\u00e9 Urgences &#8211; RDC 51100 ReimsT\u00e9l\u00e9phone\u00a0: 06 95 16 19 93","_links":{"self":[{"href":"https:\/\/luxopuncture-reims.fr\/index.php\/wp-json\/wp\/v2\/pages\/747","targetHints":{"allow":["GET"]}}],"collection":[{"href":"https:\/\/luxopuncture-reims.fr\/index.php\/wp-json\/wp\/v2\/pages"}],"about":[{"href":"https:\/\/luxopuncture-reims.fr\/index.php\/wp-json\/wp\/v2\/types\/page"}],"author":[{"embeddable":true,"href":"https:\/\/luxopuncture-reims.fr\/index.php\/wp-json\/wp\/v2\/users\/1"}],"replies":[{"embeddable":true,"href":"https:\/\/luxopuncture-reims.fr\/index.php\/wp-json\/wp\/v2\/comments?post=747"}],"version-history":[{"count":5,"href":"https:\/\/luxopuncture-reims.fr\/index.php\/wp-json\/wp\/v2\/pages\/747\/revisions"}],"predecessor-version":[{"id":4113,"href":"https:\/\/luxopuncture-reims.fr\/index.php\/wp-json\/wp\/v2\/pages\/747\/revisions\/4113"}],"wp:attachment":[{"href":"https:\/\/luxopuncture-reims.fr\/index.php\/wp-json\/wp\/v2\/media?parent=747"}],"curies":[{"name":"wp","href":"https:\/\/api.w.org\/{rel}","templated":true}]}}