{"id":2574,"date":"2021-07-07T01:32:05","date_gmt":"2021-07-06T23:32:05","guid":{"rendered":"https:\/\/luxopuncture-reims.fr\/?page_id=2574"},"modified":"2021-07-09T13:17:48","modified_gmt":"2021-07-09T11:17:48","slug":"visage","status":"publish","type":"page","link":"https:\/\/luxopuncture-reims.fr\/index.php\/visage\/","title":{"rendered":"Visage"},"content":{"rendered":"\t\t<div data-elementor-type=\"wp-page\" data-elementor-id=\"2574\" class=\"elementor elementor-2574\">\n\t\t\t\t\t\t<section class=\"elementor-section elementor-top-section elementor-element elementor-element-1c38ef4 elementor-section-boxed elementor-section-height-default elementor-section-height-default\" data-id=\"1c38ef4\" data-element_type=\"section\" data-e-type=\"section\">\n\t\t\t\t\t\t<div class=\"elementor-container elementor-column-gap-default\">\n\t\t\t\t\t<div class=\"elementor-column elementor-col-100 elementor-top-column elementor-element elementor-element-0461e5d\" data-id=\"0461e5d\" data-element_type=\"column\" data-e-type=\"column\">\n\t\t\t<div class=\"elementor-widget-wrap elementor-element-populated\">\n\t\t\t\t\t\t<div class=\"elementor-element elementor-element-525a709 elementor-widget elementor-widget-spacer\" data-id=\"525a709\" data-element_type=\"widget\" data-e-type=\"widget\" data-widget_type=\"spacer.default\">\n\t\t\t\t<div class=\"elementor-widget-container\">\n\t\t\t\t\t\t\t<div class=\"elementor-spacer\">\n\t\t\t<div class=\"elementor-spacer-inner\"><\/div>\n\t\t<\/div>\n\t\t\t\t\t\t<\/div>\n\t\t\t\t<\/div>\n\t\t\t\t\t<\/div>\n\t\t<\/div>\n\t\t\t\t\t<\/div>\n\t\t<\/section>\n\t\t\t\t<section class=\"elementor-section elementor-top-section elementor-element elementor-element-61fe722 elementor-section-full_width elementor-hidden-phone elementor-section-height-default elementor-section-height-default\" data-id=\"61fe722\" data-element_type=\"section\" data-e-type=\"section\">\n\t\t\t\t\t\t<div class=\"elementor-container elementor-column-gap-default\">\n\t\t\t\t\t<div class=\"elementor-column elementor-col-100 elementor-top-column elementor-element elementor-element-510c671\" data-id=\"510c671\" data-element_type=\"column\" data-e-type=\"column\">\n\t\t\t<div class=\"elementor-widget-wrap elementor-element-populated\">\n\t\t\t\t\t\t<div class=\"elementor-element elementor-element-9732bcc elementor-widget elementor-widget-image\" data-id=\"9732bcc\" data-element_type=\"widget\" data-e-type=\"widget\" data-widget_type=\"image.default\">\n\t\t\t\t<div class=\"elementor-widget-container\">\n\t\t\t\t\t\t\t\t\t\t\t\t\t\t\t<img fetchpriority=\"high\" decoding=\"async\" width=\"2000\" height=\"353\" src=\"https:\/\/luxopuncture-reims.fr\/wp-content\/uploads\/2021\/07\/2-1.png\" class=\"attachment-full size-full wp-image-3218\" alt=\"\" srcset=\"https:\/\/luxopuncture-reims.fr\/wp-content\/uploads\/2021\/07\/2-1.png 2000w, https:\/\/luxopuncture-reims.fr\/wp-content\/uploads\/2021\/07\/2-1-300x53.png 300w, https:\/\/luxopuncture-reims.fr\/wp-content\/uploads\/2021\/07\/2-1-1024x181.png 1024w, https:\/\/luxopuncture-reims.fr\/wp-content\/uploads\/2021\/07\/2-1-768x136.png 768w, https:\/\/luxopuncture-reims.fr\/wp-content\/uploads\/2021\/07\/2-1-1536x271.png 1536w\" sizes=\"(max-width: 2000px) 100vw, 2000px\" \/>\t\t\t\t\t\t\t\t\t\t\t\t\t\t\t<\/div>\n\t\t\t\t<\/div>\n\t\t\t\t\t<\/div>\n\t\t<\/div>\n\t\t\t\t\t<\/div>\n\t\t<\/section>\n\t\t\t\t<section class=\"elementor-section elementor-top-section elementor-element elementor-element-f4fe9ea elementor-section-full_width elementor-section-height-default elementor-section-height-default\" data-id=\"f4fe9ea\" data-element_type=\"section\" data-e-type=\"section\">\n\t\t\t\t\t\t<div class=\"elementor-container elementor-column-gap-default\">\n\t\t\t\t\t<div class=\"elementor-column elementor-col-50 elementor-top-column elementor-element elementor-element-d740c91\" data-id=\"d740c91\" data-element_type=\"column\" data-e-type=\"column\">\n\t\t\t<div class=\"elementor-widget-wrap elementor-element-populated\">\n\t\t\t\t\t\t<div class=\"elementor-element elementor-element-cc9c094 elementor-invisible elementor-widget elementor-widget-image\" data-id=\"cc9c094\" data-element_type=\"widget\" data-e-type=\"widget\" data-settings=\"{&quot;_animation&quot;:&quot;fadeInLeft&quot;}\" data-widget_type=\"image.default\">\n\t\t\t\t<div class=\"elementor-widget-container\">\n\t\t\t\t\t\t\t\t\t\t\t\t\t\t\t<img decoding=\"async\" width=\"634\" height=\"613\" src=\"https:\/\/luxopuncture-reims.fr\/wp-content\/uploads\/2021\/07\/Plan-de-travail-1_1-2.png\" class=\"attachment-full size-full wp-image-3529\" alt=\"\" srcset=\"https:\/\/luxopuncture-reims.fr\/wp-content\/uploads\/2021\/07\/Plan-de-travail-1_1-2.png 634w, https:\/\/luxopuncture-reims.fr\/wp-content\/uploads\/2021\/07\/Plan-de-travail-1_1-2-300x290.png 300w\" sizes=\"(max-width: 634px) 100vw, 634px\" \/>\t\t\t\t\t\t\t\t\t\t\t\t\t\t\t<\/div>\n\t\t\t\t<\/div>\n\t\t\t\t\t<\/div>\n\t\t<\/div>\n\t\t\t\t<div class=\"elementor-column elementor-col-50 elementor-top-column elementor-element elementor-element-e215adf\" data-id=\"e215adf\" data-element_type=\"column\" data-e-type=\"column\">\n\t\t\t<div class=\"elementor-widget-wrap elementor-element-populated\">\n\t\t\t\t\t\t<div class=\"elementor-element elementor-element-c352f8e elementor-invisible elementor-widget elementor-widget-text-editor\" data-id=\"c352f8e\" data-element_type=\"widget\" data-e-type=\"widget\" data-settings=\"{&quot;_animation&quot;:&quot;fadeInRight&quot;}\" data-widget_type=\"text-editor.default\">\n\t\t\t\t<div class=\"elementor-widget-container\">\n\t\t\t\t\t\t\t\t\t<h6>\u00a0<\/h6><h6><span style=\"text-decoration: underline; color: #cb1333;\">Pour combattre les effets ind\u00e9sirables de la vieillesse, les objectifs du Centre De Luxopuncture Reims sont multiples :<\/span><\/h6><h6>&#8211; Raviver le teint<br \/>&#8211; Drainer le derme pour supprimer les cernes et les poches<br \/>&#8211; R\u00e9activer la production de collag\u00e8ne et d\u2019\u00e9lastine (peau plus souple, plus ferme et retendue)<br \/>&#8211; Apporter un coup d\u2019\u00e9clat naturel<\/h6><h6><span style=\"text-decoration: underline; color: #cb1333;\">Dur\u00e9e de la cure :<\/span><\/h6><h6>La phase de cure : 1 \u00e0 2 s\u00e9ances par semaine durant 4 \u00e0 8 semaines selon les besoins<br \/>Entretien : 1 \u00e0 2 s\u00e9ances par mois<\/h6><h6><span style=\"text-decoration: underline; color: #cb1333;\">R\u00e9sultats :<\/span><\/h6><h6>A la mani\u00e8re de l\u2019acupuncture, la stimulation de diff\u00e9rents points de commande faciaux avec le faisceau infra-rouge vise \u00e0 stimuler le drainage lymphatique, la microcirculation du visage et \u00e0 augmenter l\u2019activit\u00e9 des fibroblastes. La luxopuncture apportera \u00e0 votre visage un coup d\u2019\u00e9clat naturel et diminuera les poches et les cernes sous les yeux.<\/h6>\t\t\t\t\t\t\t\t<\/div>\n\t\t\t\t<\/div>\n\t\t\t\t\t<\/div>\n\t\t<\/div>\n\t\t\t\t\t<\/div>\n\t\t<\/section>\n\t\t\t\t<section class=\"elementor-section elementor-top-section elementor-element elementor-element-41aaf55 elementor-section-boxed elementor-section-height-default elementor-section-height-default\" data-id=\"41aaf55\" data-element_type=\"section\" data-e-type=\"section\">\n\t\t\t\t\t\t<div class=\"elementor-container elementor-column-gap-default\">\n\t\t\t\t\t<div class=\"elementor-column elementor-col-100 elementor-top-column elementor-element elementor-element-5ddd589\" data-id=\"5ddd589\" data-element_type=\"column\" data-e-type=\"column\">\n\t\t\t<div class=\"elementor-widget-wrap elementor-element-populated\">\n\t\t\t\t\t\t<div class=\"elementor-element elementor-element-995f290 elementor-icon-list--layout-inline elementor-align-center elementor-list-item-link-full_width elementor-widget elementor-widget-icon-list\" data-id=\"995f290\" data-element_type=\"widget\" data-e-type=\"widget\" data-widget_type=\"icon-list.default\">\n\t\t\t\t<div class=\"elementor-widget-container\">\n\t\t\t\t\t\t\t<ul class=\"elementor-icon-list-items elementor-inline-items\">\n\t\t\t\t\t\t\t<li class=\"elementor-icon-list-item elementor-inline-item\">\n\t\t\t\t\t\t\t\t\t\t\t<a href=\"https:\/\/www.facebook.com\/luxo.reims\/\" target=\"_blank\">\n\n\t\t\t\t\t\t\t\t\t\t\t\t<span class=\"elementor-icon-list-icon\">\n\t\t\t\t\t\t\t<i aria-hidden=\"true\" class=\"fab fa-facebook-f\"><\/i>\t\t\t\t\t\t<\/span>\n\t\t\t\t\t\t\t\t\t\t<span class=\"elementor-icon-list-text\"><\/span>\n\t\t\t\t\t\t\t\t\t\t\t<\/a>\n\t\t\t\t\t\t\t\t\t<\/li>\n\t\t\t\t\t\t\t\t<li class=\"elementor-icon-list-item elementor-inline-item\">\n\t\t\t\t\t\t\t\t\t\t\t<a href=\"https:\/\/www.linkedin.com\/in\/rachel-forget-1a62a271\/?originalSubdomain=fr\" target=\"_blank\">\n\n\t\t\t\t\t\t\t\t\t\t\t\t<span class=\"elementor-icon-list-icon\">\n\t\t\t\t\t\t\t<i aria-hidden=\"true\" class=\"fab fa-linkedin-in\"><\/i>\t\t\t\t\t\t<\/span>\n\t\t\t\t\t\t\t\t\t\t<span class=\"elementor-icon-list-text\"><\/span>\n\t\t\t\t\t\t\t\t\t\t\t<\/a>\n\t\t\t\t\t\t\t\t\t<\/li>\n\t\t\t\t\t\t\t\t<li class=\"elementor-icon-list-item elementor-inline-item\">\n\t\t\t\t\t\t\t\t\t\t\t<a href=\"https:\/\/www.youtube.com\/playlist?list=PLtvcnizCFZ7B-Oy52C79CKT5WIqZzM7RH\" target=\"_blank\">\n\n\t\t\t\t\t\t\t\t\t\t\t\t<span class=\"elementor-icon-list-icon\">\n\t\t\t\t\t\t\t<i aria-hidden=\"true\" class=\"fab fa-youtube\"><\/i>\t\t\t\t\t\t<\/span>\n\t\t\t\t\t\t\t\t\t\t<span class=\"elementor-icon-list-text\"><\/span>\n\t\t\t\t\t\t\t\t\t\t\t<\/a>\n\t\t\t\t\t\t\t\t\t<\/li>\n\t\t\t\t\t\t\t\t<li class=\"elementor-icon-list-item elementor-inline-item\">\n\t\t\t\t\t\t\t\t\t\t\t<a href=\"https:\/\/www.instagram.com\/luxo_reims\/?show_story_unavailable=1\">\n\n\t\t\t\t\t\t\t\t\t\t\t\t<span class=\"elementor-icon-list-icon\">\n\t\t\t\t\t\t\t<i aria-hidden=\"true\" class=\"fab fa-instagram\"><\/i>\t\t\t\t\t\t<\/span>\n\t\t\t\t\t\t\t\t\t\t<span class=\"elementor-icon-list-text\"><\/span>\n\t\t\t\t\t\t\t\t\t\t\t<\/a>\n\t\t\t\t\t\t\t\t\t<\/li>\n\t\t\t\t\t\t<\/ul>\n\t\t\t\t\t\t<\/div>\n\t\t\t\t<\/div>\n\t\t\t\t\t<\/div>\n\t\t<\/div>\n\t\t\t\t\t<\/div>\n\t\t<\/section>\n\t\t\t\t<\/div>\n\t\t","protected":false},"excerpt":{"rendered":"<p>\u00a0 Pour combattre les effets ind\u00e9sirables de la vieillesse, les objectifs du Centre De Luxopuncture Reims sont multiples : &#8211; Raviver le teint&#8211; Drainer le derme pour supprimer les cernes et les poches&#8211; R\u00e9activer la production de collag\u00e8ne et d\u2019\u00e9lastine (peau plus souple, plus ferme et retendue)&#8211; Apporter un coup d\u2019\u00e9clat naturel Dur\u00e9e de la [&hellip;]<\/p>\n","protected":false},"author":1,"featured_media":0,"parent":0,"menu_order":0,"comment_status":"closed","ping_status":"closed","template":"page-templates\/pagebuilder.php","meta":{"zakra_page_container_layout":"stretched","zakra_page_sidebar_layout":"no_sidebar","zakra_remove_content_margin":false,"zakra_sidebar":"customizer","zakra_transparent_header":"0","zakra_logo":1838,"zakra_main_header_style":"default","zakra_menu_item_color":"","zakra_menu_item_hover_color":"","zakra_menu_item_active_color":"","zakra_menu_active_style":"","zakra_page_header":false,"footnotes":""},"class_list":["post-2574","page","type-page","status-publish","hentry"],"yoast_head":"<!-- This site is optimized with the Yoast SEO plugin v27.4 - https:\/\/yoast.com\/product\/yoast-seo-wordpress\/ -->\n<title>Visage - LUXOPUNCTURE REIMS<\/title>\n<meta name=\"robots\" content=\"index, follow, max-snippet:-1, max-image-preview:large, max-video-preview:-1\" \/>\n<link rel=\"canonical\" href=\"https:\/\/luxopuncture-reims.fr\/index.php\/visage\/\" \/>\n<meta property=\"og:locale\" content=\"fr_FR\" \/>\n<meta property=\"og:type\" content=\"article\" \/>\n<meta property=\"og:title\" content=\"Visage - LUXOPUNCTURE REIMS\" \/>\n<meta property=\"og:description\" content=\"\u00a0 Pour combattre les effets ind\u00e9sirables de la vieillesse, les objectifs du Centre De Luxopuncture Reims sont multiples : &#8211; Raviver le teint&#8211; Drainer le derme pour supprimer les cernes et les poches&#8211; R\u00e9activer la production de collag\u00e8ne et d\u2019\u00e9lastine (peau plus souple, plus ferme et retendue)&#8211; Apporter un coup d\u2019\u00e9clat naturel Dur\u00e9e de la [&hellip;]\" \/>\n<meta property=\"og:url\" content=\"https:\/\/luxopuncture-reims.fr\/index.php\/visage\/\" \/>\n<meta property=\"og:site_name\" content=\"LUXOPUNCTURE REIMS\" \/>\n<meta property=\"article:modified_time\" content=\"2021-07-09T11:17:48+00:00\" \/>\n<meta property=\"og:image\" content=\"http:\/\/luxopuncture-reims.fr\/wp-content\/uploads\/2021\/07\/2-1.png\" \/>\n<meta name=\"twitter:card\" content=\"summary_large_image\" \/>\n<meta name=\"twitter:label1\" content=\"Dur\u00e9e de lecture estim\u00e9e\" \/>\n\t<meta name=\"twitter:data1\" content=\"1 minute\" \/>\n<script type=\"application\/ld+json\" class=\"yoast-schema-graph\">{\"@context\":\"https:\\\/\\\/schema.org\",\"@graph\":[{\"@type\":\"WebPage\",\"@id\":\"https:\\\/\\\/luxopuncture-reims.fr\\\/index.php\\\/visage\\\/\",\"url\":\"https:\\\/\\\/luxopuncture-reims.fr\\\/index.php\\\/visage\\\/\",\"name\":\"Visage - LUXOPUNCTURE REIMS\",\"isPartOf\":{\"@id\":\"https:\\\/\\\/luxopuncture-reims.fr\\\/#website\"},\"primaryImageOfPage\":{\"@id\":\"https:\\\/\\\/luxopuncture-reims.fr\\\/index.php\\\/visage\\\/#primaryimage\"},\"image\":{\"@id\":\"https:\\\/\\\/luxopuncture-reims.fr\\\/index.php\\\/visage\\\/#primaryimage\"},\"thumbnailUrl\":\"http:\\\/\\\/luxopuncture-reims.fr\\\/wp-content\\\/uploads\\\/2021\\\/07\\\/2-1.png\",\"datePublished\":\"2021-07-06T23:32:05+00:00\",\"dateModified\":\"2021-07-09T11:17:48+00:00\",\"breadcrumb\":{\"@id\":\"https:\\\/\\\/luxopuncture-reims.fr\\\/index.php\\\/visage\\\/#breadcrumb\"},\"inLanguage\":\"fr-FR\",\"potentialAction\":[{\"@type\":\"ReadAction\",\"target\":[\"https:\\\/\\\/luxopuncture-reims.fr\\\/index.php\\\/visage\\\/\"]}]},{\"@type\":\"ImageObject\",\"inLanguage\":\"fr-FR\",\"@id\":\"https:\\\/\\\/luxopuncture-reims.fr\\\/index.php\\\/visage\\\/#primaryimage\",\"url\":\"http:\\\/\\\/luxopuncture-reims.fr\\\/wp-content\\\/uploads\\\/2021\\\/07\\\/2-1.png\",\"contentUrl\":\"http:\\\/\\\/luxopuncture-reims.fr\\\/wp-content\\\/uploads\\\/2021\\\/07\\\/2-1.png\"},{\"@type\":\"BreadcrumbList\",\"@id\":\"https:\\\/\\\/luxopuncture-reims.fr\\\/index.php\\\/visage\\\/#breadcrumb\",\"itemListElement\":[{\"@type\":\"ListItem\",\"position\":1,\"name\":\"Accueil\",\"item\":\"https:\\\/\\\/luxopuncture-reims.fr\\\/\"},{\"@type\":\"ListItem\",\"position\":2,\"name\":\"Visage\"}]},{\"@type\":\"WebSite\",\"@id\":\"https:\\\/\\\/luxopuncture-reims.fr\\\/#website\",\"url\":\"https:\\\/\\\/luxopuncture-reims.fr\\\/\",\"name\":\"LUXOPUNCTURE REIMS\",\"description\":\"\",\"publisher\":{\"@id\":\"https:\\\/\\\/luxopuncture-reims.fr\\\/#organization\"},\"potentialAction\":[{\"@type\":\"SearchAction\",\"target\":{\"@type\":\"EntryPoint\",\"urlTemplate\":\"https:\\\/\\\/luxopuncture-reims.fr\\\/?s={search_term_string}\"},\"query-input\":{\"@type\":\"PropertyValueSpecification\",\"valueRequired\":true,\"valueName\":\"search_term_string\"}}],\"inLanguage\":\"fr-FR\"},{\"@type\":\"Organization\",\"@id\":\"https:\\\/\\\/luxopuncture-reims.fr\\\/#organization\",\"name\":\"LUXOPUNCTURE REIMS\",\"url\":\"https:\\\/\\\/luxopuncture-reims.fr\\\/\",\"logo\":{\"@type\":\"ImageObject\",\"inLanguage\":\"fr-FR\",\"@id\":\"https:\\\/\\\/luxopuncture-reims.fr\\\/#\\\/schema\\\/logo\\\/image\\\/\",\"url\":\"https:\\\/\\\/luxopuncture-reims.fr\\\/wp-content\\\/uploads\\\/2021\\\/06\\\/cropped-cropped-logo-e1624392191257.jpg\",\"contentUrl\":\"https:\\\/\\\/luxopuncture-reims.fr\\\/wp-content\\\/uploads\\\/2021\\\/06\\\/cropped-cropped-logo-e1624392191257.jpg\",\"width\":200,\"height\":50,\"caption\":\"LUXOPUNCTURE REIMS\"},\"image\":{\"@id\":\"https:\\\/\\\/luxopuncture-reims.fr\\\/#\\\/schema\\\/logo\\\/image\\\/\"}}]}<\/script>\n<!-- \/ Yoast SEO plugin. -->","yoast_head_json":{"title":"Visage - LUXOPUNCTURE REIMS","robots":{"index":"index","follow":"follow","max-snippet":"max-snippet:-1","max-image-preview":"max-image-preview:large","max-video-preview":"max-video-preview:-1"},"canonical":"https:\/\/luxopuncture-reims.fr\/index.php\/visage\/","og_locale":"fr_FR","og_type":"article","og_title":"Visage - LUXOPUNCTURE REIMS","og_description":"\u00a0 Pour combattre les effets ind\u00e9sirables de la vieillesse, les objectifs du Centre De Luxopuncture Reims sont multiples : &#8211; Raviver le teint&#8211; Drainer le derme pour supprimer les cernes et les poches&#8211; R\u00e9activer la production de collag\u00e8ne et d\u2019\u00e9lastine (peau plus souple, plus ferme et retendue)&#8211; Apporter un coup d\u2019\u00e9clat naturel Dur\u00e9e de la [&hellip;]","og_url":"https:\/\/luxopuncture-reims.fr\/index.php\/visage\/","og_site_name":"LUXOPUNCTURE REIMS","article_modified_time":"2021-07-09T11:17:48+00:00","og_image":[{"url":"http:\/\/luxopuncture-reims.fr\/wp-content\/uploads\/2021\/07\/2-1.png","type":"","width":"","height":""}],"twitter_card":"summary_large_image","twitter_misc":{"Dur\u00e9e de lecture estim\u00e9e":"1 minute"},"schema":{"@context":"https:\/\/schema.org","@graph":[{"@type":"WebPage","@id":"https:\/\/luxopuncture-reims.fr\/index.php\/visage\/","url":"https:\/\/luxopuncture-reims.fr\/index.php\/visage\/","name":"Visage - LUXOPUNCTURE REIMS","isPartOf":{"@id":"https:\/\/luxopuncture-reims.fr\/#website"},"primaryImageOfPage":{"@id":"https:\/\/luxopuncture-reims.fr\/index.php\/visage\/#primaryimage"},"image":{"@id":"https:\/\/luxopuncture-reims.fr\/index.php\/visage\/#primaryimage"},"thumbnailUrl":"http:\/\/luxopuncture-reims.fr\/wp-content\/uploads\/2021\/07\/2-1.png","datePublished":"2021-07-06T23:32:05+00:00","dateModified":"2021-07-09T11:17:48+00:00","breadcrumb":{"@id":"https:\/\/luxopuncture-reims.fr\/index.php\/visage\/#breadcrumb"},"inLanguage":"fr-FR","potentialAction":[{"@type":"ReadAction","target":["https:\/\/luxopuncture-reims.fr\/index.php\/visage\/"]}]},{"@type":"ImageObject","inLanguage":"fr-FR","@id":"https:\/\/luxopuncture-reims.fr\/index.php\/visage\/#primaryimage","url":"http:\/\/luxopuncture-reims.fr\/wp-content\/uploads\/2021\/07\/2-1.png","contentUrl":"http:\/\/luxopuncture-reims.fr\/wp-content\/uploads\/2021\/07\/2-1.png"},{"@type":"BreadcrumbList","@id":"https:\/\/luxopuncture-reims.fr\/index.php\/visage\/#breadcrumb","itemListElement":[{"@type":"ListItem","position":1,"name":"Accueil","item":"https:\/\/luxopuncture-reims.fr\/"},{"@type":"ListItem","position":2,"name":"Visage"}]},{"@type":"WebSite","@id":"https:\/\/luxopuncture-reims.fr\/#website","url":"https:\/\/luxopuncture-reims.fr\/","name":"LUXOPUNCTURE REIMS","description":"","publisher":{"@id":"https:\/\/luxopuncture-reims.fr\/#organization"},"potentialAction":[{"@type":"SearchAction","target":{"@type":"EntryPoint","urlTemplate":"https:\/\/luxopuncture-reims.fr\/?s={search_term_string}"},"query-input":{"@type":"PropertyValueSpecification","valueRequired":true,"valueName":"search_term_string"}}],"inLanguage":"fr-FR"},{"@type":"Organization","@id":"https:\/\/luxopuncture-reims.fr\/#organization","name":"LUXOPUNCTURE REIMS","url":"https:\/\/luxopuncture-reims.fr\/","logo":{"@type":"ImageObject","inLanguage":"fr-FR","@id":"https:\/\/luxopuncture-reims.fr\/#\/schema\/logo\/image\/","url":"https:\/\/luxopuncture-reims.fr\/wp-content\/uploads\/2021\/06\/cropped-cropped-logo-e1624392191257.jpg","contentUrl":"https:\/\/luxopuncture-reims.fr\/wp-content\/uploads\/2021\/06\/cropped-cropped-logo-e1624392191257.jpg","width":200,"height":50,"caption":"LUXOPUNCTURE REIMS"},"image":{"@id":"https:\/\/luxopuncture-reims.fr\/#\/schema\/logo\/image\/"}}]}},"rttpg_featured_image_url":null,"rttpg_author":{"display_name":"admin5774","author_link":"https:\/\/luxopuncture-reims.fr\/index.php\/author\/admin5774\/"},"rttpg_comment":0,"rttpg_category":null,"rttpg_excerpt":"\u00a0 Pour combattre les effets ind\u00e9sirables de la vieillesse, les objectifs du Centre De Luxopuncture Reims sont multiples : &#8211; Raviver le teint&#8211; Drainer le derme pour supprimer les cernes et les poches&#8211; R\u00e9activer la production de collag\u00e8ne et d\u2019\u00e9lastine (peau plus souple, plus ferme et retendue)&#8211; Apporter un coup d\u2019\u00e9clat naturel Dur\u00e9e de la\u2026","_links":{"self":[{"href":"https:\/\/luxopuncture-reims.fr\/index.php\/wp-json\/wp\/v2\/pages\/2574","targetHints":{"allow":["GET"]}}],"collection":[{"href":"https:\/\/luxopuncture-reims.fr\/index.php\/wp-json\/wp\/v2\/pages"}],"about":[{"href":"https:\/\/luxopuncture-reims.fr\/index.php\/wp-json\/wp\/v2\/types\/page"}],"author":[{"embeddable":true,"href":"https:\/\/luxopuncture-reims.fr\/index.php\/wp-json\/wp\/v2\/users\/1"}],"replies":[{"embeddable":true,"href":"https:\/\/luxopuncture-reims.fr\/index.php\/wp-json\/wp\/v2\/comments?post=2574"}],"version-history":[{"count":5,"href":"https:\/\/luxopuncture-reims.fr\/index.php\/wp-json\/wp\/v2\/pages\/2574\/revisions"}],"predecessor-version":[{"id":3550,"href":"https:\/\/luxopuncture-reims.fr\/index.php\/wp-json\/wp\/v2\/pages\/2574\/revisions\/3550"}],"wp:attachment":[{"href":"https:\/\/luxopuncture-reims.fr\/index.php\/wp-json\/wp\/v2\/media?parent=2574"}],"curies":[{"name":"wp","href":"https:\/\/api.w.org\/{rel}","templated":true}]}}