{"id":2568,"date":"2021-07-07T01:29:53","date_gmt":"2021-07-06T23:29:53","guid":{"rendered":"https:\/\/luxopuncture-reims.fr\/?page_id=2568"},"modified":"2021-08-06T11:26:08","modified_gmt":"2021-08-06T09:26:08","slug":"relaxation","status":"publish","type":"page","link":"https:\/\/luxopuncture-reims.fr\/index.php\/relaxation\/","title":{"rendered":"Relaxation"},"content":{"rendered":"\t\t<div data-elementor-type=\"wp-page\" data-elementor-id=\"2568\" class=\"elementor elementor-2568\">\n\t\t\t\t\t\t<section class=\"elementor-section elementor-top-section elementor-element elementor-element-1c38ef4 elementor-section-boxed elementor-section-height-default elementor-section-height-default\" data-id=\"1c38ef4\" data-element_type=\"section\" data-e-type=\"section\">\n\t\t\t\t\t\t<div class=\"elementor-container elementor-column-gap-default\">\n\t\t\t\t\t<div class=\"elementor-column elementor-col-100 elementor-top-column elementor-element elementor-element-0461e5d\" data-id=\"0461e5d\" data-element_type=\"column\" data-e-type=\"column\">\n\t\t\t<div class=\"elementor-widget-wrap elementor-element-populated\">\n\t\t\t\t\t\t<div class=\"elementor-element elementor-element-525a709 elementor-widget elementor-widget-spacer\" data-id=\"525a709\" data-element_type=\"widget\" data-e-type=\"widget\" data-widget_type=\"spacer.default\">\n\t\t\t\t<div class=\"elementor-widget-container\">\n\t\t\t\t\t\t\t<div class=\"elementor-spacer\">\n\t\t\t<div class=\"elementor-spacer-inner\"><\/div>\n\t\t<\/div>\n\t\t\t\t\t\t<\/div>\n\t\t\t\t<\/div>\n\t\t\t\t\t<\/div>\n\t\t<\/div>\n\t\t\t\t\t<\/div>\n\t\t<\/section>\n\t\t\t\t<section class=\"elementor-section elementor-top-section elementor-element elementor-element-61fe722 elementor-section-full_width elementor-hidden-phone elementor-section-height-default elementor-section-height-default\" data-id=\"61fe722\" data-element_type=\"section\" data-e-type=\"section\">\n\t\t\t\t\t\t<div class=\"elementor-container elementor-column-gap-default\">\n\t\t\t\t\t<div class=\"elementor-column elementor-col-100 elementor-top-column elementor-element elementor-element-510c671\" data-id=\"510c671\" data-element_type=\"column\" data-e-type=\"column\">\n\t\t\t<div class=\"elementor-widget-wrap elementor-element-populated\">\n\t\t\t\t\t\t<div class=\"elementor-element elementor-element-9732bcc elementor-widget elementor-widget-image\" data-id=\"9732bcc\" data-element_type=\"widget\" data-e-type=\"widget\" data-widget_type=\"image.default\">\n\t\t\t\t<div class=\"elementor-widget-container\">\n\t\t\t\t\t\t\t\t\t\t\t\t\t\t\t<img fetchpriority=\"high\" decoding=\"async\" width=\"2000\" height=\"353\" src=\"https:\/\/luxopuncture-reims.fr\/wp-content\/uploads\/2021\/07\/4-1.png\" class=\"attachment-full size-full wp-image-3203\" alt=\"\" srcset=\"https:\/\/luxopuncture-reims.fr\/wp-content\/uploads\/2021\/07\/4-1.png 2000w, https:\/\/luxopuncture-reims.fr\/wp-content\/uploads\/2021\/07\/4-1-300x53.png 300w, https:\/\/luxopuncture-reims.fr\/wp-content\/uploads\/2021\/07\/4-1-1024x181.png 1024w, https:\/\/luxopuncture-reims.fr\/wp-content\/uploads\/2021\/07\/4-1-768x136.png 768w, https:\/\/luxopuncture-reims.fr\/wp-content\/uploads\/2021\/07\/4-1-1536x271.png 1536w\" sizes=\"(max-width: 2000px) 100vw, 2000px\" \/>\t\t\t\t\t\t\t\t\t\t\t\t\t\t\t<\/div>\n\t\t\t\t<\/div>\n\t\t\t\t\t<\/div>\n\t\t<\/div>\n\t\t\t\t\t<\/div>\n\t\t<\/section>\n\t\t\t\t<section class=\"elementor-section elementor-top-section elementor-element elementor-element-e0d5a5d elementor-section-full_width elementor-section-height-default elementor-section-height-default\" data-id=\"e0d5a5d\" data-element_type=\"section\" data-e-type=\"section\">\n\t\t\t\t\t\t<div class=\"elementor-container elementor-column-gap-default\">\n\t\t\t\t\t<div class=\"elementor-column elementor-col-50 elementor-top-column elementor-element elementor-element-de7cc28\" data-id=\"de7cc28\" data-element_type=\"column\" data-e-type=\"column\">\n\t\t\t<div class=\"elementor-widget-wrap elementor-element-populated\">\n\t\t\t\t\t\t<div class=\"elementor-element elementor-element-059bf16 elementor-invisible elementor-widget elementor-widget-image\" data-id=\"059bf16\" data-element_type=\"widget\" data-e-type=\"widget\" data-settings=\"{&quot;_animation&quot;:&quot;fadeInLeft&quot;}\" data-widget_type=\"image.default\">\n\t\t\t\t<div class=\"elementor-widget-container\">\n\t\t\t\t\t\t\t\t\t\t\t\t\t\t\t<img decoding=\"async\" width=\"633\" height=\"613\" src=\"https:\/\/luxopuncture-reims.fr\/wp-content\/uploads\/2021\/07\/Plan-de-travail-1.png\" class=\"attachment-full size-full wp-image-3530\" alt=\"\" srcset=\"https:\/\/luxopuncture-reims.fr\/wp-content\/uploads\/2021\/07\/Plan-de-travail-1.png 633w, https:\/\/luxopuncture-reims.fr\/wp-content\/uploads\/2021\/07\/Plan-de-travail-1-300x291.png 300w\" sizes=\"(max-width: 633px) 100vw, 633px\" \/>\t\t\t\t\t\t\t\t\t\t\t\t\t\t\t<\/div>\n\t\t\t\t<\/div>\n\t\t\t\t\t<\/div>\n\t\t<\/div>\n\t\t\t\t<div class=\"elementor-column elementor-col-50 elementor-top-column elementor-element elementor-element-f5f9131\" data-id=\"f5f9131\" data-element_type=\"column\" data-e-type=\"column\">\n\t\t\t<div class=\"elementor-widget-wrap elementor-element-populated\">\n\t\t\t\t\t\t<div class=\"elementor-element elementor-element-6de3371 elementor-invisible elementor-widget elementor-widget-text-editor\" data-id=\"6de3371\" data-element_type=\"widget\" data-e-type=\"widget\" data-settings=\"{&quot;_animation&quot;:&quot;fadeInRight&quot;}\" data-widget_type=\"text-editor.default\">\n\t\t\t\t<div class=\"elementor-widget-container\">\n\t\t\t\t\t\t\t\t\t<h6>\u00a0<\/h6><h6><span style=\"text-decoration: underline; color: #cb1333;\">Les objectifs du Centre De Luxopuncture Reims sur la relaxation :<\/span><\/h6><h6>&#8211; Lib\u00e9rer les tensions en profondeur durablement<br \/>&#8211; Retrouver une sensation de calme\u00a0<br \/>&#8211; Prendre du recul sur les probl\u00e8mes quotidiens<br \/>&#8211; Apprendre \u00e0 l\u00e2cher prise<br \/>&#8211; Gagner en s\u00e9r\u00e9nit\u00e9, en apaisement <br \/>&#8211; Am\u00e9liorer le sommeil en facilitant l\u2019endormissement et la bonne humeur<\/h6><h6><span style=\"text-decoration: underline;\"><span style=\"color: #cb1333; text-decoration: underline;\">Dur\u00e9e de la cure :<\/span><\/span><\/h6><h6>1er rendez-vous : bilan personnalis\u00e9 avec une premi\u00e8re s\u00e9ance de luxopuncture<br \/>La phase de cure : Une seconde s\u00e9ance rapproch\u00e9e puis une s\u00e9ance hebdomadaire<br \/>La phase de stabilisation : 3 s\u00e9ances tous les 6 mois (selon le besoin)<\/h6><h6><span style=\"text-decoration: underline; color: #cb1333;\">R\u00e9sultats :<\/span><\/h6><h6>En cas d\u2019insomnie et de stress, la s\u00e9rotonine, la dopamine et l\u2019endorphine sont d\u00e9r\u00e9gl\u00e9es. Cette technique permet de r\u00e9guler ces hormones gr\u00e2ce \u00e0 la stimulation de points r\u00e9flexes qui agissent sur leur production et ainsi de vous lib\u00e9rer de vos tensions physiques, psychologiques et \u00e9motionnelles.<\/h6>\t\t\t\t\t\t\t\t<\/div>\n\t\t\t\t<\/div>\n\t\t\t\t\t<\/div>\n\t\t<\/div>\n\t\t\t\t\t<\/div>\n\t\t<\/section>\n\t\t\t\t<section class=\"elementor-section elementor-top-section elementor-element elementor-element-41aaf55 elementor-section-boxed elementor-section-height-default elementor-section-height-default\" data-id=\"41aaf55\" data-element_type=\"section\" data-e-type=\"section\">\n\t\t\t\t\t\t<div class=\"elementor-container elementor-column-gap-default\">\n\t\t\t\t\t<div class=\"elementor-column elementor-col-100 elementor-top-column elementor-element elementor-element-5ddd589\" data-id=\"5ddd589\" data-element_type=\"column\" data-e-type=\"column\">\n\t\t\t<div class=\"elementor-widget-wrap elementor-element-populated\">\n\t\t\t\t\t\t<div class=\"elementor-element elementor-element-995f290 elementor-icon-list--layout-inline elementor-align-center elementor-list-item-link-full_width elementor-widget elementor-widget-icon-list\" data-id=\"995f290\" data-element_type=\"widget\" data-e-type=\"widget\" data-widget_type=\"icon-list.default\">\n\t\t\t\t<div class=\"elementor-widget-container\">\n\t\t\t\t\t\t\t<ul class=\"elementor-icon-list-items elementor-inline-items\">\n\t\t\t\t\t\t\t<li class=\"elementor-icon-list-item elementor-inline-item\">\n\t\t\t\t\t\t\t\t\t\t\t<a href=\"https:\/\/www.facebook.com\/luxo.reims\/\" target=\"_blank\">\n\n\t\t\t\t\t\t\t\t\t\t\t\t<span class=\"elementor-icon-list-icon\">\n\t\t\t\t\t\t\t<i aria-hidden=\"true\" class=\"fab fa-facebook-f\"><\/i>\t\t\t\t\t\t<\/span>\n\t\t\t\t\t\t\t\t\t\t<span class=\"elementor-icon-list-text\"><\/span>\n\t\t\t\t\t\t\t\t\t\t\t<\/a>\n\t\t\t\t\t\t\t\t\t<\/li>\n\t\t\t\t\t\t\t\t<li class=\"elementor-icon-list-item elementor-inline-item\">\n\t\t\t\t\t\t\t\t\t\t\t<a href=\"https:\/\/www.linkedin.com\/in\/rachel-forget-1a62a271\/?originalSubdomain=fr\" target=\"_blank\">\n\n\t\t\t\t\t\t\t\t\t\t\t\t<span class=\"elementor-icon-list-icon\">\n\t\t\t\t\t\t\t<i aria-hidden=\"true\" class=\"fab fa-linkedin-in\"><\/i>\t\t\t\t\t\t<\/span>\n\t\t\t\t\t\t\t\t\t\t<span class=\"elementor-icon-list-text\"><\/span>\n\t\t\t\t\t\t\t\t\t\t\t<\/a>\n\t\t\t\t\t\t\t\t\t<\/li>\n\t\t\t\t\t\t\t\t<li class=\"elementor-icon-list-item elementor-inline-item\">\n\t\t\t\t\t\t\t\t\t\t\t<a href=\"https:\/\/www.youtube.com\/playlist?list=PLtvcnizCFZ7B-Oy52C79CKT5WIqZzM7RH\" target=\"_blank\">\n\n\t\t\t\t\t\t\t\t\t\t\t\t<span class=\"elementor-icon-list-icon\">\n\t\t\t\t\t\t\t<i aria-hidden=\"true\" class=\"fab fa-youtube\"><\/i>\t\t\t\t\t\t<\/span>\n\t\t\t\t\t\t\t\t\t\t<span class=\"elementor-icon-list-text\"><\/span>\n\t\t\t\t\t\t\t\t\t\t\t<\/a>\n\t\t\t\t\t\t\t\t\t<\/li>\n\t\t\t\t\t\t\t\t<li class=\"elementor-icon-list-item elementor-inline-item\">\n\t\t\t\t\t\t\t\t\t\t\t<a href=\"https:\/\/www.instagram.com\/luxo_reims\/?show_story_unavailable=1\">\n\n\t\t\t\t\t\t\t\t\t\t\t\t<span class=\"elementor-icon-list-icon\">\n\t\t\t\t\t\t\t<i aria-hidden=\"true\" class=\"fab fa-instagram\"><\/i>\t\t\t\t\t\t<\/span>\n\t\t\t\t\t\t\t\t\t\t<span class=\"elementor-icon-list-text\"><\/span>\n\t\t\t\t\t\t\t\t\t\t\t<\/a>\n\t\t\t\t\t\t\t\t\t<\/li>\n\t\t\t\t\t\t<\/ul>\n\t\t\t\t\t\t<\/div>\n\t\t\t\t<\/div>\n\t\t\t\t\t<\/div>\n\t\t<\/div>\n\t\t\t\t\t<\/div>\n\t\t<\/section>\n\t\t\t\t<\/div>\n\t\t","protected":false},"excerpt":{"rendered":"<p>\u00a0 Les objectifs du Centre De Luxopuncture Reims sur la relaxation : &#8211; Lib\u00e9rer les tensions en profondeur durablement&#8211; Retrouver une sensation de calme\u00a0&#8211; Prendre du recul sur les probl\u00e8mes quotidiens&#8211; Apprendre \u00e0 l\u00e2cher prise&#8211; Gagner en s\u00e9r\u00e9nit\u00e9, en apaisement &#8211; Am\u00e9liorer le sommeil en facilitant l\u2019endormissement et la bonne humeur Dur\u00e9e de la cure [&hellip;]<\/p>\n","protected":false},"author":1,"featured_media":0,"parent":0,"menu_order":0,"comment_status":"closed","ping_status":"closed","template":"page-templates\/pagebuilder.php","meta":{"zakra_page_container_layout":"stretched","zakra_page_sidebar_layout":"no_sidebar","zakra_remove_content_margin":false,"zakra_sidebar":"customizer","zakra_transparent_header":"0","zakra_logo":1838,"zakra_main_header_style":"default","zakra_menu_item_color":"","zakra_menu_item_hover_color":"","zakra_menu_item_active_color":"","zakra_menu_active_style":"","zakra_page_header":false,"footnotes":""},"class_list":["post-2568","page","type-page","status-publish","hentry"],"yoast_head":"<!-- This site is optimized with the Yoast SEO plugin v27.5 - https:\/\/yoast.com\/product\/yoast-seo-wordpress\/ -->\n<title>Relaxation - LUXOPUNCTURE REIMS<\/title>\n<meta name=\"robots\" content=\"index, follow, max-snippet:-1, max-image-preview:large, max-video-preview:-1\" \/>\n<link rel=\"canonical\" href=\"https:\/\/luxopuncture-reims.fr\/index.php\/relaxation\/\" \/>\n<meta property=\"og:locale\" content=\"fr_FR\" \/>\n<meta property=\"og:type\" content=\"article\" \/>\n<meta property=\"og:title\" content=\"Relaxation - LUXOPUNCTURE REIMS\" \/>\n<meta property=\"og:description\" content=\"\u00a0 Les objectifs du Centre De Luxopuncture Reims sur la relaxation : &#8211; Lib\u00e9rer les tensions en profondeur durablement&#8211; Retrouver une sensation de calme\u00a0&#8211; Prendre du recul sur les probl\u00e8mes quotidiens&#8211; Apprendre \u00e0 l\u00e2cher prise&#8211; Gagner en s\u00e9r\u00e9nit\u00e9, en apaisement &#8211; Am\u00e9liorer le sommeil en facilitant l\u2019endormissement et la bonne humeur Dur\u00e9e de la cure [&hellip;]\" \/>\n<meta property=\"og:url\" content=\"https:\/\/luxopuncture-reims.fr\/index.php\/relaxation\/\" \/>\n<meta property=\"og:site_name\" content=\"LUXOPUNCTURE REIMS\" \/>\n<meta property=\"article:modified_time\" content=\"2021-08-06T09:26:08+00:00\" \/>\n<meta property=\"og:image\" content=\"http:\/\/luxopuncture-reims.fr\/wp-content\/uploads\/2021\/07\/4-1.png\" \/>\n<meta name=\"twitter:card\" content=\"summary_large_image\" \/>\n<meta name=\"twitter:label1\" content=\"Dur\u00e9e de lecture estim\u00e9e\" \/>\n\t<meta name=\"twitter:data1\" content=\"1 minute\" \/>\n<script type=\"application\/ld+json\" class=\"yoast-schema-graph\">{\"@context\":\"https:\\\/\\\/schema.org\",\"@graph\":[{\"@type\":\"WebPage\",\"@id\":\"https:\\\/\\\/luxopuncture-reims.fr\\\/index.php\\\/relaxation\\\/\",\"url\":\"https:\\\/\\\/luxopuncture-reims.fr\\\/index.php\\\/relaxation\\\/\",\"name\":\"Relaxation - LUXOPUNCTURE REIMS\",\"isPartOf\":{\"@id\":\"https:\\\/\\\/luxopuncture-reims.fr\\\/#website\"},\"primaryImageOfPage\":{\"@id\":\"https:\\\/\\\/luxopuncture-reims.fr\\\/index.php\\\/relaxation\\\/#primaryimage\"},\"image\":{\"@id\":\"https:\\\/\\\/luxopuncture-reims.fr\\\/index.php\\\/relaxation\\\/#primaryimage\"},\"thumbnailUrl\":\"http:\\\/\\\/luxopuncture-reims.fr\\\/wp-content\\\/uploads\\\/2021\\\/07\\\/4-1.png\",\"datePublished\":\"2021-07-06T23:29:53+00:00\",\"dateModified\":\"2021-08-06T09:26:08+00:00\",\"breadcrumb\":{\"@id\":\"https:\\\/\\\/luxopuncture-reims.fr\\\/index.php\\\/relaxation\\\/#breadcrumb\"},\"inLanguage\":\"fr-FR\",\"potentialAction\":[{\"@type\":\"ReadAction\",\"target\":[\"https:\\\/\\\/luxopuncture-reims.fr\\\/index.php\\\/relaxation\\\/\"]}]},{\"@type\":\"ImageObject\",\"inLanguage\":\"fr-FR\",\"@id\":\"https:\\\/\\\/luxopuncture-reims.fr\\\/index.php\\\/relaxation\\\/#primaryimage\",\"url\":\"http:\\\/\\\/luxopuncture-reims.fr\\\/wp-content\\\/uploads\\\/2021\\\/07\\\/4-1.png\",\"contentUrl\":\"http:\\\/\\\/luxopuncture-reims.fr\\\/wp-content\\\/uploads\\\/2021\\\/07\\\/4-1.png\"},{\"@type\":\"BreadcrumbList\",\"@id\":\"https:\\\/\\\/luxopuncture-reims.fr\\\/index.php\\\/relaxation\\\/#breadcrumb\",\"itemListElement\":[{\"@type\":\"ListItem\",\"position\":1,\"name\":\"Accueil\",\"item\":\"https:\\\/\\\/luxopuncture-reims.fr\\\/\"},{\"@type\":\"ListItem\",\"position\":2,\"name\":\"Relaxation\"}]},{\"@type\":\"WebSite\",\"@id\":\"https:\\\/\\\/luxopuncture-reims.fr\\\/#website\",\"url\":\"https:\\\/\\\/luxopuncture-reims.fr\\\/\",\"name\":\"LUXOPUNCTURE REIMS\",\"description\":\"\",\"publisher\":{\"@id\":\"https:\\\/\\\/luxopuncture-reims.fr\\\/#organization\"},\"potentialAction\":[{\"@type\":\"SearchAction\",\"target\":{\"@type\":\"EntryPoint\",\"urlTemplate\":\"https:\\\/\\\/luxopuncture-reims.fr\\\/?s={search_term_string}\"},\"query-input\":{\"@type\":\"PropertyValueSpecification\",\"valueRequired\":true,\"valueName\":\"search_term_string\"}}],\"inLanguage\":\"fr-FR\"},{\"@type\":\"Organization\",\"@id\":\"https:\\\/\\\/luxopuncture-reims.fr\\\/#organization\",\"name\":\"LUXOPUNCTURE REIMS\",\"url\":\"https:\\\/\\\/luxopuncture-reims.fr\\\/\",\"logo\":{\"@type\":\"ImageObject\",\"inLanguage\":\"fr-FR\",\"@id\":\"https:\\\/\\\/luxopuncture-reims.fr\\\/#\\\/schema\\\/logo\\\/image\\\/\",\"url\":\"https:\\\/\\\/luxopuncture-reims.fr\\\/wp-content\\\/uploads\\\/2021\\\/06\\\/cropped-cropped-logo-e1624392191257.jpg\",\"contentUrl\":\"https:\\\/\\\/luxopuncture-reims.fr\\\/wp-content\\\/uploads\\\/2021\\\/06\\\/cropped-cropped-logo-e1624392191257.jpg\",\"width\":200,\"height\":50,\"caption\":\"LUXOPUNCTURE REIMS\"},\"image\":{\"@id\":\"https:\\\/\\\/luxopuncture-reims.fr\\\/#\\\/schema\\\/logo\\\/image\\\/\"}}]}<\/script>\n<!-- \/ Yoast SEO plugin. -->","yoast_head_json":{"title":"Relaxation - LUXOPUNCTURE REIMS","robots":{"index":"index","follow":"follow","max-snippet":"max-snippet:-1","max-image-preview":"max-image-preview:large","max-video-preview":"max-video-preview:-1"},"canonical":"https:\/\/luxopuncture-reims.fr\/index.php\/relaxation\/","og_locale":"fr_FR","og_type":"article","og_title":"Relaxation - LUXOPUNCTURE REIMS","og_description":"\u00a0 Les objectifs du Centre De Luxopuncture Reims sur la relaxation : &#8211; Lib\u00e9rer les tensions en profondeur durablement&#8211; Retrouver une sensation de calme\u00a0&#8211; Prendre du recul sur les probl\u00e8mes quotidiens&#8211; Apprendre \u00e0 l\u00e2cher prise&#8211; Gagner en s\u00e9r\u00e9nit\u00e9, en apaisement &#8211; Am\u00e9liorer le sommeil en facilitant l\u2019endormissement et la bonne humeur Dur\u00e9e de la cure [&hellip;]","og_url":"https:\/\/luxopuncture-reims.fr\/index.php\/relaxation\/","og_site_name":"LUXOPUNCTURE REIMS","article_modified_time":"2021-08-06T09:26:08+00:00","og_image":[{"url":"http:\/\/luxopuncture-reims.fr\/wp-content\/uploads\/2021\/07\/4-1.png","type":"","width":"","height":""}],"twitter_card":"summary_large_image","twitter_misc":{"Dur\u00e9e de lecture estim\u00e9e":"1 minute"},"schema":{"@context":"https:\/\/schema.org","@graph":[{"@type":"WebPage","@id":"https:\/\/luxopuncture-reims.fr\/index.php\/relaxation\/","url":"https:\/\/luxopuncture-reims.fr\/index.php\/relaxation\/","name":"Relaxation - LUXOPUNCTURE REIMS","isPartOf":{"@id":"https:\/\/luxopuncture-reims.fr\/#website"},"primaryImageOfPage":{"@id":"https:\/\/luxopuncture-reims.fr\/index.php\/relaxation\/#primaryimage"},"image":{"@id":"https:\/\/luxopuncture-reims.fr\/index.php\/relaxation\/#primaryimage"},"thumbnailUrl":"http:\/\/luxopuncture-reims.fr\/wp-content\/uploads\/2021\/07\/4-1.png","datePublished":"2021-07-06T23:29:53+00:00","dateModified":"2021-08-06T09:26:08+00:00","breadcrumb":{"@id":"https:\/\/luxopuncture-reims.fr\/index.php\/relaxation\/#breadcrumb"},"inLanguage":"fr-FR","potentialAction":[{"@type":"ReadAction","target":["https:\/\/luxopuncture-reims.fr\/index.php\/relaxation\/"]}]},{"@type":"ImageObject","inLanguage":"fr-FR","@id":"https:\/\/luxopuncture-reims.fr\/index.php\/relaxation\/#primaryimage","url":"http:\/\/luxopuncture-reims.fr\/wp-content\/uploads\/2021\/07\/4-1.png","contentUrl":"http:\/\/luxopuncture-reims.fr\/wp-content\/uploads\/2021\/07\/4-1.png"},{"@type":"BreadcrumbList","@id":"https:\/\/luxopuncture-reims.fr\/index.php\/relaxation\/#breadcrumb","itemListElement":[{"@type":"ListItem","position":1,"name":"Accueil","item":"https:\/\/luxopuncture-reims.fr\/"},{"@type":"ListItem","position":2,"name":"Relaxation"}]},{"@type":"WebSite","@id":"https:\/\/luxopuncture-reims.fr\/#website","url":"https:\/\/luxopuncture-reims.fr\/","name":"LUXOPUNCTURE REIMS","description":"","publisher":{"@id":"https:\/\/luxopuncture-reims.fr\/#organization"},"potentialAction":[{"@type":"SearchAction","target":{"@type":"EntryPoint","urlTemplate":"https:\/\/luxopuncture-reims.fr\/?s={search_term_string}"},"query-input":{"@type":"PropertyValueSpecification","valueRequired":true,"valueName":"search_term_string"}}],"inLanguage":"fr-FR"},{"@type":"Organization","@id":"https:\/\/luxopuncture-reims.fr\/#organization","name":"LUXOPUNCTURE REIMS","url":"https:\/\/luxopuncture-reims.fr\/","logo":{"@type":"ImageObject","inLanguage":"fr-FR","@id":"https:\/\/luxopuncture-reims.fr\/#\/schema\/logo\/image\/","url":"https:\/\/luxopuncture-reims.fr\/wp-content\/uploads\/2021\/06\/cropped-cropped-logo-e1624392191257.jpg","contentUrl":"https:\/\/luxopuncture-reims.fr\/wp-content\/uploads\/2021\/06\/cropped-cropped-logo-e1624392191257.jpg","width":200,"height":50,"caption":"LUXOPUNCTURE REIMS"},"image":{"@id":"https:\/\/luxopuncture-reims.fr\/#\/schema\/logo\/image\/"}}]}},"rttpg_featured_image_url":null,"rttpg_author":{"display_name":"admin5774","author_link":"https:\/\/luxopuncture-reims.fr\/index.php\/author\/admin5774\/"},"rttpg_comment":0,"rttpg_category":null,"rttpg_excerpt":"\u00a0 Les objectifs du Centre De Luxopuncture Reims sur la relaxation : &#8211; Lib\u00e9rer les tensions en profondeur durablement&#8211; Retrouver une sensation de calme\u00a0&#8211; Prendre du recul sur les probl\u00e8mes quotidiens&#8211; Apprendre \u00e0 l\u00e2cher prise&#8211; Gagner en s\u00e9r\u00e9nit\u00e9, en apaisement &#8211; Am\u00e9liorer le sommeil en facilitant l\u2019endormissement et la bonne humeur Dur\u00e9e de la cure\u2026","_links":{"self":[{"href":"https:\/\/luxopuncture-reims.fr\/index.php\/wp-json\/wp\/v2\/pages\/2568","targetHints":{"allow":["GET"]}}],"collection":[{"href":"https:\/\/luxopuncture-reims.fr\/index.php\/wp-json\/wp\/v2\/pages"}],"about":[{"href":"https:\/\/luxopuncture-reims.fr\/index.php\/wp-json\/wp\/v2\/types\/page"}],"author":[{"embeddable":true,"href":"https:\/\/luxopuncture-reims.fr\/index.php\/wp-json\/wp\/v2\/users\/1"}],"replies":[{"embeddable":true,"href":"https:\/\/luxopuncture-reims.fr\/index.php\/wp-json\/wp\/v2\/comments?post=2568"}],"version-history":[{"count":5,"href":"https:\/\/luxopuncture-reims.fr\/index.php\/wp-json\/wp\/v2\/pages\/2568\/revisions"}],"predecessor-version":[{"id":3903,"href":"https:\/\/luxopuncture-reims.fr\/index.php\/wp-json\/wp\/v2\/pages\/2568\/revisions\/3903"}],"wp:attachment":[{"href":"https:\/\/luxopuncture-reims.fr\/index.php\/wp-json\/wp\/v2\/media?parent=2568"}],"curies":[{"name":"wp","href":"https:\/\/api.w.org\/{rel}","templated":true}]}}