{"id":1049,"date":"2021-06-28T00:15:56","date_gmt":"2021-06-27T22:15:56","guid":{"rendered":"https:\/\/luxopuncture-reims.fr\/?page_id=1049"},"modified":"2025-10-20T11:26:36","modified_gmt":"2025-10-20T09:26:36","slug":"mentions-legales","status":"publish","type":"page","link":"https:\/\/luxopuncture-reims.fr\/index.php\/mentions-legales\/","title":{"rendered":"Mentions L\u00e9gales"},"content":{"rendered":"\t\t<div data-elementor-type=\"wp-page\" data-elementor-id=\"1049\" class=\"elementor elementor-1049\">\n\t\t\t\t\t\t<section class=\"elementor-section elementor-top-section elementor-element elementor-element-aeb0fa9 elementor-section-boxed elementor-section-height-default elementor-section-height-default\" data-id=\"aeb0fa9\" data-element_type=\"section\" data-e-type=\"section\">\n\t\t\t\t\t\t<div class=\"elementor-container elementor-column-gap-default\">\n\t\t\t\t\t<div class=\"elementor-column elementor-col-100 elementor-top-column elementor-element elementor-element-7aa5a2a\" data-id=\"7aa5a2a\" data-element_type=\"column\" data-e-type=\"column\">\n\t\t\t<div class=\"elementor-widget-wrap elementor-element-populated\">\n\t\t\t\t\t\t<div class=\"elementor-element elementor-element-7333d08 elementor-widget elementor-widget-spacer\" data-id=\"7333d08\" data-element_type=\"widget\" data-e-type=\"widget\" data-widget_type=\"spacer.default\">\n\t\t\t\t<div class=\"elementor-widget-container\">\n\t\t\t\t\t\t\t<div class=\"elementor-spacer\">\n\t\t\t<div class=\"elementor-spacer-inner\"><\/div>\n\t\t<\/div>\n\t\t\t\t\t\t<\/div>\n\t\t\t\t<\/div>\n\t\t\t\t\t<\/div>\n\t\t<\/div>\n\t\t\t\t\t<\/div>\n\t\t<\/section>\n\t\t\t\t<section class=\"elementor-section elementor-top-section elementor-element elementor-element-6c9ecfc elementor-section-boxed elementor-section-height-default elementor-section-height-default\" data-id=\"6c9ecfc\" data-element_type=\"section\" data-e-type=\"section\">\n\t\t\t\t\t\t<div class=\"elementor-container elementor-column-gap-default\">\n\t\t\t\t\t<div class=\"elementor-column elementor-col-100 elementor-top-column elementor-element elementor-element-9262786\" data-id=\"9262786\" data-element_type=\"column\" data-e-type=\"column\">\n\t\t\t<div class=\"elementor-widget-wrap elementor-element-populated\">\n\t\t\t\t\t\t<div class=\"elementor-element elementor-element-a2c220b elementor-widget elementor-widget-accordion\" data-id=\"a2c220b\" data-element_type=\"widget\" data-e-type=\"widget\" data-widget_type=\"accordion.default\">\n\t\t\t\t<div class=\"elementor-widget-container\">\n\t\t\t\t\t\t\t<div class=\"elementor-accordion\">\n\t\t\t\t\t\t\t<div class=\"elementor-accordion-item\">\n\t\t\t\t\t<div id=\"elementor-tab-title-1701\" class=\"elementor-tab-title\" data-tab=\"1\" role=\"button\" aria-controls=\"elementor-tab-content-1701\" aria-expanded=\"false\">\n\t\t\t\t\t\t\t\t\t\t\t\t\t<span class=\"elementor-accordion-icon elementor-accordion-icon-left\" aria-hidden=\"true\">\n\t\t\t\t\t\t\t\t\t\t\t\t\t\t\t<span class=\"elementor-accordion-icon-closed\"><i class=\"fas fa-plus\"><\/i><\/span>\n\t\t\t\t\t\t\t\t<span class=\"elementor-accordion-icon-opened\"><i class=\"fas fa-minus\"><\/i><\/span>\n\t\t\t\t\t\t\t\t\t\t\t\t\t\t<\/span>\n\t\t\t\t\t\t\t\t\t\t\t\t<a class=\"elementor-accordion-title\" tabindex=\"0\">\u00c9DITEUR<\/a>\n\t\t\t\t\t<\/div>\n\t\t\t\t\t<div id=\"elementor-tab-content-1701\" class=\"elementor-tab-content elementor-clearfix\" data-tab=\"1\" role=\"region\" aria-labelledby=\"elementor-tab-title-1701\"><p><strong>Rachel Forget &#8211; Entrepreneur individuel<\/strong><br \/><strong>CENTRE DE LUXOPUNCTURE REIMS<\/strong><\/p><p>P\u00f4le m\u00e9dical et param\u00e9dical de Courlancy<br \/>38 bis, rue de Courlancy<br \/>Entr\u00e9e 2 \u2013 c\u00f4t\u00e9 Urgences \u2013 RDC 51100 Reims<br \/>T\u00e9l\u00e9phone : 06 95 16 19 93<br \/>Site Web : <strong><a href=\"https:\/\/www.luxopuncture-reims.fr\">www.luxopuncture-reims.fr<\/a><\/strong><br \/>E-mail\u00a0:\u00a0<strong>contact@luxopuncture-reims.fr<\/strong><br \/>Responsable du contenu \u00e9ditorial : Rachel Forget<br \/>Num\u00e9ro de SIRET : 40798617300034<\/p><\/div>\n\t\t\t\t<\/div>\n\t\t\t\t\t\t\t<div class=\"elementor-accordion-item\">\n\t\t\t\t\t<div id=\"elementor-tab-title-1702\" class=\"elementor-tab-title\" data-tab=\"2\" role=\"button\" aria-controls=\"elementor-tab-content-1702\" aria-expanded=\"false\">\n\t\t\t\t\t\t\t\t\t\t\t\t\t<span class=\"elementor-accordion-icon elementor-accordion-icon-left\" aria-hidden=\"true\">\n\t\t\t\t\t\t\t\t\t\t\t\t\t\t\t<span class=\"elementor-accordion-icon-closed\"><i class=\"fas fa-plus\"><\/i><\/span>\n\t\t\t\t\t\t\t\t<span class=\"elementor-accordion-icon-opened\"><i class=\"fas fa-minus\"><\/i><\/span>\n\t\t\t\t\t\t\t\t\t\t\t\t\t\t<\/span>\n\t\t\t\t\t\t\t\t\t\t\t\t<a class=\"elementor-accordion-title\" tabindex=\"0\">H\u00c9BERGEMENT<\/a>\n\t\t\t\t\t<\/div>\n\t\t\t\t\t<div id=\"elementor-tab-content-1702\" class=\"elementor-tab-content elementor-clearfix\" data-tab=\"2\" role=\"region\" aria-labelledby=\"elementor-tab-title-1702\"><p><strong>OVH<\/strong><br \/>2 rue Kellermann \u2013 BP 80157 59053 ROUBAIX CEDEX 1<br \/>Site Web :<strong>\u00a0<a href=\"http:\/\/www.ovh.com\/\">www.ovh.com<\/a><\/strong><\/p><\/div>\n\t\t\t\t<\/div>\n\t\t\t\t\t\t\t<div class=\"elementor-accordion-item\">\n\t\t\t\t\t<div id=\"elementor-tab-title-1703\" class=\"elementor-tab-title\" data-tab=\"3\" role=\"button\" aria-controls=\"elementor-tab-content-1703\" aria-expanded=\"false\">\n\t\t\t\t\t\t\t\t\t\t\t\t\t<span class=\"elementor-accordion-icon elementor-accordion-icon-left\" aria-hidden=\"true\">\n\t\t\t\t\t\t\t\t\t\t\t\t\t\t\t<span class=\"elementor-accordion-icon-closed\"><i class=\"fas fa-plus\"><\/i><\/span>\n\t\t\t\t\t\t\t\t<span class=\"elementor-accordion-icon-opened\"><i class=\"fas fa-minus\"><\/i><\/span>\n\t\t\t\t\t\t\t\t\t\t\t\t\t\t<\/span>\n\t\t\t\t\t\t\t\t\t\t\t\t<a class=\"elementor-accordion-title\" tabindex=\"0\">CR\u00c9ATION<\/a>\n\t\t\t\t\t<\/div>\n\t\t\t\t\t<div id=\"elementor-tab-content-1703\" class=\"elementor-tab-content elementor-clearfix\" data-tab=\"3\" role=\"region\" aria-labelledby=\"elementor-tab-title-1703\"><p><a href=\"https:\/\/www.com-mauricette.fr\/\" target=\"_blank\" rel=\"noopener\"><b>MAURICETTE COMMUNICATION<\/b><\/a><br \/>58 Av du G\u00e9n\u00e9ral Eisenhower, 51100 reims<br \/>E-mail :<strong>\u00a0communication@com-mauricette.fr<\/strong><br \/><a href=\"https:\/\/www.com-mauricette.fr\/\" target=\"_blank\" rel=\"noopener\">Site Web :<strong>\u00a0www.com-mauricette.fr<\/strong><\/a><\/p><\/div>\n\t\t\t\t<\/div>\n\t\t\t\t\t\t\t<div class=\"elementor-accordion-item\">\n\t\t\t\t\t<div id=\"elementor-tab-title-1704\" class=\"elementor-tab-title\" data-tab=\"4\" role=\"button\" aria-controls=\"elementor-tab-content-1704\" aria-expanded=\"false\">\n\t\t\t\t\t\t\t\t\t\t\t\t\t<span class=\"elementor-accordion-icon elementor-accordion-icon-left\" aria-hidden=\"true\">\n\t\t\t\t\t\t\t\t\t\t\t\t\t\t\t<span class=\"elementor-accordion-icon-closed\"><i class=\"fas fa-plus\"><\/i><\/span>\n\t\t\t\t\t\t\t\t<span class=\"elementor-accordion-icon-opened\"><i class=\"fas fa-minus\"><\/i><\/span>\n\t\t\t\t\t\t\t\t\t\t\t\t\t\t<\/span>\n\t\t\t\t\t\t\t\t\t\t\t\t<a class=\"elementor-accordion-title\" tabindex=\"0\">MAINTENANCE<\/a>\n\t\t\t\t\t<\/div>\n\t\t\t\t\t<div id=\"elementor-tab-content-1704\" class=\"elementor-tab-content elementor-clearfix\" data-tab=\"4\" role=\"region\" aria-labelledby=\"elementor-tab-title-1704\"><p><a href=\"https:\/\/www.flashkode.fr\/\" target=\"_blank\" rel=\"noopener\"><strong>FLASHKODE<\/strong><\/a><br \/>9 Rue Gaston Boyer, 51100 Reims<br \/>E-mail :\u00a0<strong>contact@flashkode.fr<\/strong><br \/>Site web :\u00a0<a href=\"https:\/\/www.flashkode.fr\/\" target=\"_blank\" rel=\"noopener\"><strong>www.flashkode.fr<\/strong><\/a><\/p><\/div>\n\t\t\t\t<\/div>\n\t\t\t\t\t\t\t\t<\/div>\n\t\t\t\t\t\t<\/div>\n\t\t\t\t<\/div>\n\t\t\t\t\t<\/div>\n\t\t<\/div>\n\t\t\t\t\t<\/div>\n\t\t<\/section>\n\t\t\t\t<section class=\"elementor-section elementor-top-section elementor-element elementor-element-f8e01fb elementor-section-boxed elementor-section-height-default elementor-section-height-default\" data-id=\"f8e01fb\" data-element_type=\"section\" data-e-type=\"section\">\n\t\t\t\t\t\t<div class=\"elementor-container elementor-column-gap-default\">\n\t\t\t\t\t<div class=\"elementor-column elementor-col-100 elementor-top-column elementor-element elementor-element-5775554\" data-id=\"5775554\" data-element_type=\"column\" data-e-type=\"column\">\n\t\t\t<div class=\"elementor-widget-wrap elementor-element-populated\">\n\t\t\t\t\t\t<div class=\"elementor-element elementor-element-76535db elementor-widget elementor-widget-spacer\" data-id=\"76535db\" data-element_type=\"widget\" data-e-type=\"widget\" data-widget_type=\"spacer.default\">\n\t\t\t\t<div class=\"elementor-widget-container\">\n\t\t\t\t\t\t\t<div class=\"elementor-spacer\">\n\t\t\t<div class=\"elementor-spacer-inner\"><\/div>\n\t\t<\/div>\n\t\t\t\t\t\t<\/div>\n\t\t\t\t<\/div>\n\t\t\t\t\t<\/div>\n\t\t<\/div>\n\t\t\t\t\t<\/div>\n\t\t<\/section>\n\t\t\t\t<section class=\"elementor-section elementor-top-section elementor-element elementor-element-766583d elementor-section-boxed elementor-section-height-default elementor-section-height-default\" data-id=\"766583d\" data-element_type=\"section\" data-e-type=\"section\">\n\t\t\t\t\t\t<div class=\"elementor-container elementor-column-gap-default\">\n\t\t\t\t\t<div class=\"elementor-column elementor-col-100 elementor-top-column elementor-element elementor-element-3ed537a\" data-id=\"3ed537a\" data-element_type=\"column\" data-e-type=\"column\">\n\t\t\t<div class=\"elementor-widget-wrap elementor-element-populated\">\n\t\t\t\t\t\t<div class=\"elementor-element elementor-element-ed1e9b4 elementor-icon-list--layout-inline elementor-align-center elementor-list-item-link-full_width elementor-widget elementor-widget-icon-list\" data-id=\"ed1e9b4\" data-element_type=\"widget\" data-e-type=\"widget\" data-widget_type=\"icon-list.default\">\n\t\t\t\t<div class=\"elementor-widget-container\">\n\t\t\t\t\t\t\t<ul class=\"elementor-icon-list-items elementor-inline-items\">\n\t\t\t\t\t\t\t<li class=\"elementor-icon-list-item elementor-inline-item\">\n\t\t\t\t\t\t\t\t\t\t\t<a href=\"https:\/\/www.facebook.com\/luxo.reims\/\" target=\"_blank\">\n\n\t\t\t\t\t\t\t\t\t\t\t\t<span class=\"elementor-icon-list-icon\">\n\t\t\t\t\t\t\t<i aria-hidden=\"true\" class=\"fab fa-facebook-f\"><\/i>\t\t\t\t\t\t<\/span>\n\t\t\t\t\t\t\t\t\t\t<span class=\"elementor-icon-list-text\"><\/span>\n\t\t\t\t\t\t\t\t\t\t\t<\/a>\n\t\t\t\t\t\t\t\t\t<\/li>\n\t\t\t\t\t\t\t\t<li class=\"elementor-icon-list-item elementor-inline-item\">\n\t\t\t\t\t\t\t\t\t\t\t<a href=\"https:\/\/www.linkedin.com\/in\/rachel-forget-1a62a271\/?originalSubdomain=fr\" target=\"_blank\">\n\n\t\t\t\t\t\t\t\t\t\t\t\t<span class=\"elementor-icon-list-icon\">\n\t\t\t\t\t\t\t<i aria-hidden=\"true\" class=\"fab fa-linkedin-in\"><\/i>\t\t\t\t\t\t<\/span>\n\t\t\t\t\t\t\t\t\t\t<span class=\"elementor-icon-list-text\"><\/span>\n\t\t\t\t\t\t\t\t\t\t\t<\/a>\n\t\t\t\t\t\t\t\t\t<\/li>\n\t\t\t\t\t\t\t\t<li class=\"elementor-icon-list-item elementor-inline-item\">\n\t\t\t\t\t\t\t\t\t\t\t<a href=\"https:\/\/www.youtube.com\/playlist?list=PLtvcnizCFZ7B-Oy52C79CKT5WIqZzM7RH\" target=\"_blank\">\n\n\t\t\t\t\t\t\t\t\t\t\t\t<span class=\"elementor-icon-list-icon\">\n\t\t\t\t\t\t\t<i aria-hidden=\"true\" class=\"fab fa-youtube\"><\/i>\t\t\t\t\t\t<\/span>\n\t\t\t\t\t\t\t\t\t\t<span class=\"elementor-icon-list-text\"><\/span>\n\t\t\t\t\t\t\t\t\t\t\t<\/a>\n\t\t\t\t\t\t\t\t\t<\/li>\n\t\t\t\t\t\t\t\t<li class=\"elementor-icon-list-item elementor-inline-item\">\n\t\t\t\t\t\t\t\t\t\t\t<a href=\"https:\/\/www.instagram.com\/luxo_reims\/?show_st\" target=\"_blank\">\n\n\t\t\t\t\t\t\t\t\t\t\t\t<span class=\"elementor-icon-list-icon\">\n\t\t\t\t\t\t\t<i aria-hidden=\"true\" class=\"fab fa-instagram\"><\/i>\t\t\t\t\t\t<\/span>\n\t\t\t\t\t\t\t\t\t\t<span class=\"elementor-icon-list-text\"><\/span>\n\t\t\t\t\t\t\t\t\t\t\t<\/a>\n\t\t\t\t\t\t\t\t\t<\/li>\n\t\t\t\t\t\t<\/ul>\n\t\t\t\t\t\t<\/div>\n\t\t\t\t<\/div>\n\t\t\t\t\t<\/div>\n\t\t<\/div>\n\t\t\t\t\t<\/div>\n\t\t<\/section>\n\t\t\t\t<\/div>\n\t\t","protected":false},"excerpt":{"rendered":"<p>\u00c9DITEUR Rachel Forget &#8211; Entrepreneur individuelCENTRE DE LUXOPUNCTURE REIMS P\u00f4le m\u00e9dical et param\u00e9dical de Courlancy38 bis, rue de CourlancyEntr\u00e9e 2 \u2013 c\u00f4t\u00e9 Urgences \u2013 RDC 51100 ReimsT\u00e9l\u00e9phone : 06 95 16 19 93Site Web : www.luxopuncture-reims.frE-mail\u00a0:\u00a0contact@luxopuncture-reims.frResponsable du contenu \u00e9ditorial : Rachel ForgetNum\u00e9ro de SIRET : 40798617300034 H\u00c9BERGEMENT OVH2 rue Kellermann \u2013 BP 80157 59053 ROUBAIX [&hellip;]<\/p>\n","protected":false},"author":1,"featured_media":0,"parent":0,"menu_order":0,"comment_status":"closed","ping_status":"closed","template":"page-templates\/pagebuilder.php","meta":{"zakra_page_container_layout":"stretched","zakra_page_sidebar_layout":"no_sidebar","zakra_remove_content_margin":false,"zakra_sidebar":"customizer","zakra_transparent_header":"customizer","zakra_logo":1838,"zakra_main_header_style":"default","zakra_menu_item_color":"","zakra_menu_item_hover_color":"","zakra_menu_item_active_color":"","zakra_menu_active_style":"","zakra_page_header":false,"footnotes":""},"class_list":["post-1049","page","type-page","status-publish","hentry"],"yoast_head":"<!-- This site is optimized with the Yoast SEO plugin v27.5 - https:\/\/yoast.com\/product\/yoast-seo-wordpress\/ -->\n<title>Mentions L\u00e9gales - LUXOPUNCTURE REIMS<\/title>\n<meta name=\"robots\" content=\"index, follow, max-snippet:-1, max-image-preview:large, max-video-preview:-1\" \/>\n<link rel=\"canonical\" href=\"https:\/\/luxopuncture-reims.fr\/index.php\/mentions-legales\/\" \/>\n<meta property=\"og:locale\" content=\"fr_FR\" \/>\n<meta property=\"og:type\" content=\"article\" \/>\n<meta property=\"og:title\" content=\"Mentions L\u00e9gales - LUXOPUNCTURE REIMS\" \/>\n<meta property=\"og:description\" content=\"\u00c9DITEUR Rachel Forget &#8211; Entrepreneur individuelCENTRE DE LUXOPUNCTURE REIMS P\u00f4le m\u00e9dical et param\u00e9dical de Courlancy38 bis, rue de CourlancyEntr\u00e9e 2 \u2013 c\u00f4t\u00e9 Urgences \u2013 RDC 51100 ReimsT\u00e9l\u00e9phone : 06 95 16 19 93Site Web : www.luxopuncture-reims.frE-mail\u00a0:\u00a0contact@luxopuncture-reims.frResponsable du contenu \u00e9ditorial : Rachel ForgetNum\u00e9ro de SIRET : 40798617300034 H\u00c9BERGEMENT OVH2 rue Kellermann \u2013 BP 80157 59053 ROUBAIX [&hellip;]\" \/>\n<meta property=\"og:url\" content=\"https:\/\/luxopuncture-reims.fr\/index.php\/mentions-legales\/\" \/>\n<meta property=\"og:site_name\" content=\"LUXOPUNCTURE REIMS\" \/>\n<meta property=\"article:modified_time\" content=\"2025-10-20T09:26:36+00:00\" \/>\n<meta name=\"twitter:card\" content=\"summary_large_image\" \/>\n<meta name=\"twitter:label1\" content=\"Dur\u00e9e de lecture estim\u00e9e\" \/>\n\t<meta name=\"twitter:data1\" content=\"1 minute\" \/>\n<script type=\"application\/ld+json\" class=\"yoast-schema-graph\">{\"@context\":\"https:\\\/\\\/schema.org\",\"@graph\":[{\"@type\":\"WebPage\",\"@id\":\"https:\\\/\\\/luxopuncture-reims.fr\\\/index.php\\\/mentions-legales\\\/\",\"url\":\"https:\\\/\\\/luxopuncture-reims.fr\\\/index.php\\\/mentions-legales\\\/\",\"name\":\"Mentions L\u00e9gales - LUXOPUNCTURE REIMS\",\"isPartOf\":{\"@id\":\"https:\\\/\\\/luxopuncture-reims.fr\\\/#website\"},\"datePublished\":\"2021-06-27T22:15:56+00:00\",\"dateModified\":\"2025-10-20T09:26:36+00:00\",\"breadcrumb\":{\"@id\":\"https:\\\/\\\/luxopuncture-reims.fr\\\/index.php\\\/mentions-legales\\\/#breadcrumb\"},\"inLanguage\":\"fr-FR\",\"potentialAction\":[{\"@type\":\"ReadAction\",\"target\":[\"https:\\\/\\\/luxopuncture-reims.fr\\\/index.php\\\/mentions-legales\\\/\"]}]},{\"@type\":\"BreadcrumbList\",\"@id\":\"https:\\\/\\\/luxopuncture-reims.fr\\\/index.php\\\/mentions-legales\\\/#breadcrumb\",\"itemListElement\":[{\"@type\":\"ListItem\",\"position\":1,\"name\":\"Accueil\",\"item\":\"https:\\\/\\\/luxopuncture-reims.fr\\\/\"},{\"@type\":\"ListItem\",\"position\":2,\"name\":\"Mentions L\u00e9gales\"}]},{\"@type\":\"WebSite\",\"@id\":\"https:\\\/\\\/luxopuncture-reims.fr\\\/#website\",\"url\":\"https:\\\/\\\/luxopuncture-reims.fr\\\/\",\"name\":\"LUXOPUNCTURE REIMS\",\"description\":\"\",\"publisher\":{\"@id\":\"https:\\\/\\\/luxopuncture-reims.fr\\\/#organization\"},\"potentialAction\":[{\"@type\":\"SearchAction\",\"target\":{\"@type\":\"EntryPoint\",\"urlTemplate\":\"https:\\\/\\\/luxopuncture-reims.fr\\\/?s={search_term_string}\"},\"query-input\":{\"@type\":\"PropertyValueSpecification\",\"valueRequired\":true,\"valueName\":\"search_term_string\"}}],\"inLanguage\":\"fr-FR\"},{\"@type\":\"Organization\",\"@id\":\"https:\\\/\\\/luxopuncture-reims.fr\\\/#organization\",\"name\":\"LUXOPUNCTURE REIMS\",\"url\":\"https:\\\/\\\/luxopuncture-reims.fr\\\/\",\"logo\":{\"@type\":\"ImageObject\",\"inLanguage\":\"fr-FR\",\"@id\":\"https:\\\/\\\/luxopuncture-reims.fr\\\/#\\\/schema\\\/logo\\\/image\\\/\",\"url\":\"https:\\\/\\\/luxopuncture-reims.fr\\\/wp-content\\\/uploads\\\/2021\\\/06\\\/cropped-cropped-logo-e1624392191257.jpg\",\"contentUrl\":\"https:\\\/\\\/luxopuncture-reims.fr\\\/wp-content\\\/uploads\\\/2021\\\/06\\\/cropped-cropped-logo-e1624392191257.jpg\",\"width\":200,\"height\":50,\"caption\":\"LUXOPUNCTURE REIMS\"},\"image\":{\"@id\":\"https:\\\/\\\/luxopuncture-reims.fr\\\/#\\\/schema\\\/logo\\\/image\\\/\"}}]}<\/script>\n<!-- \/ Yoast SEO plugin. -->","yoast_head_json":{"title":"Mentions L\u00e9gales - LUXOPUNCTURE REIMS","robots":{"index":"index","follow":"follow","max-snippet":"max-snippet:-1","max-image-preview":"max-image-preview:large","max-video-preview":"max-video-preview:-1"},"canonical":"https:\/\/luxopuncture-reims.fr\/index.php\/mentions-legales\/","og_locale":"fr_FR","og_type":"article","og_title":"Mentions L\u00e9gales - LUXOPUNCTURE REIMS","og_description":"\u00c9DITEUR Rachel Forget &#8211; Entrepreneur individuelCENTRE DE LUXOPUNCTURE REIMS P\u00f4le m\u00e9dical et param\u00e9dical de Courlancy38 bis, rue de CourlancyEntr\u00e9e 2 \u2013 c\u00f4t\u00e9 Urgences \u2013 RDC 51100 ReimsT\u00e9l\u00e9phone : 06 95 16 19 93Site Web : www.luxopuncture-reims.frE-mail\u00a0:\u00a0contact@luxopuncture-reims.frResponsable du contenu \u00e9ditorial : Rachel ForgetNum\u00e9ro de SIRET : 40798617300034 H\u00c9BERGEMENT OVH2 rue Kellermann \u2013 BP 80157 59053 ROUBAIX [&hellip;]","og_url":"https:\/\/luxopuncture-reims.fr\/index.php\/mentions-legales\/","og_site_name":"LUXOPUNCTURE REIMS","article_modified_time":"2025-10-20T09:26:36+00:00","twitter_card":"summary_large_image","twitter_misc":{"Dur\u00e9e de lecture estim\u00e9e":"1 minute"},"schema":{"@context":"https:\/\/schema.org","@graph":[{"@type":"WebPage","@id":"https:\/\/luxopuncture-reims.fr\/index.php\/mentions-legales\/","url":"https:\/\/luxopuncture-reims.fr\/index.php\/mentions-legales\/","name":"Mentions L\u00e9gales - LUXOPUNCTURE REIMS","isPartOf":{"@id":"https:\/\/luxopuncture-reims.fr\/#website"},"datePublished":"2021-06-27T22:15:56+00:00","dateModified":"2025-10-20T09:26:36+00:00","breadcrumb":{"@id":"https:\/\/luxopuncture-reims.fr\/index.php\/mentions-legales\/#breadcrumb"},"inLanguage":"fr-FR","potentialAction":[{"@type":"ReadAction","target":["https:\/\/luxopuncture-reims.fr\/index.php\/mentions-legales\/"]}]},{"@type":"BreadcrumbList","@id":"https:\/\/luxopuncture-reims.fr\/index.php\/mentions-legales\/#breadcrumb","itemListElement":[{"@type":"ListItem","position":1,"name":"Accueil","item":"https:\/\/luxopuncture-reims.fr\/"},{"@type":"ListItem","position":2,"name":"Mentions L\u00e9gales"}]},{"@type":"WebSite","@id":"https:\/\/luxopuncture-reims.fr\/#website","url":"https:\/\/luxopuncture-reims.fr\/","name":"LUXOPUNCTURE REIMS","description":"","publisher":{"@id":"https:\/\/luxopuncture-reims.fr\/#organization"},"potentialAction":[{"@type":"SearchAction","target":{"@type":"EntryPoint","urlTemplate":"https:\/\/luxopuncture-reims.fr\/?s={search_term_string}"},"query-input":{"@type":"PropertyValueSpecification","valueRequired":true,"valueName":"search_term_string"}}],"inLanguage":"fr-FR"},{"@type":"Organization","@id":"https:\/\/luxopuncture-reims.fr\/#organization","name":"LUXOPUNCTURE REIMS","url":"https:\/\/luxopuncture-reims.fr\/","logo":{"@type":"ImageObject","inLanguage":"fr-FR","@id":"https:\/\/luxopuncture-reims.fr\/#\/schema\/logo\/image\/","url":"https:\/\/luxopuncture-reims.fr\/wp-content\/uploads\/2021\/06\/cropped-cropped-logo-e1624392191257.jpg","contentUrl":"https:\/\/luxopuncture-reims.fr\/wp-content\/uploads\/2021\/06\/cropped-cropped-logo-e1624392191257.jpg","width":200,"height":50,"caption":"LUXOPUNCTURE REIMS"},"image":{"@id":"https:\/\/luxopuncture-reims.fr\/#\/schema\/logo\/image\/"}}]}},"rttpg_featured_image_url":null,"rttpg_author":{"display_name":"admin5774","author_link":"https:\/\/luxopuncture-reims.fr\/index.php\/author\/admin5774\/"},"rttpg_comment":0,"rttpg_category":null,"rttpg_excerpt":"\u00c9DITEUR Rachel Forget &#8211; Entrepreneur individuelCENTRE DE LUXOPUNCTURE REIMS P\u00f4le m\u00e9dical et param\u00e9dical de Courlancy38 bis, rue de CourlancyEntr\u00e9e 2 \u2013 c\u00f4t\u00e9 Urgences \u2013 RDC 51100 ReimsT\u00e9l\u00e9phone : 06 95 16 19 93Site Web : www.luxopuncture-reims.frE-mail\u00a0:\u00a0contact@luxopuncture-reims.frResponsable du contenu \u00e9ditorial : Rachel ForgetNum\u00e9ro de SIRET : 40798617300034 H\u00c9BERGEMENT OVH2 rue Kellermann \u2013 BP 80157 59053 ROUBAIX\u2026","_links":{"self":[{"href":"https:\/\/luxopuncture-reims.fr\/index.php\/wp-json\/wp\/v2\/pages\/1049","targetHints":{"allow":["GET"]}}],"collection":[{"href":"https:\/\/luxopuncture-reims.fr\/index.php\/wp-json\/wp\/v2\/pages"}],"about":[{"href":"https:\/\/luxopuncture-reims.fr\/index.php\/wp-json\/wp\/v2\/types\/page"}],"author":[{"embeddable":true,"href":"https:\/\/luxopuncture-reims.fr\/index.php\/wp-json\/wp\/v2\/users\/1"}],"replies":[{"embeddable":true,"href":"https:\/\/luxopuncture-reims.fr\/index.php\/wp-json\/wp\/v2\/comments?post=1049"}],"version-history":[{"count":5,"href":"https:\/\/luxopuncture-reims.fr\/index.php\/wp-json\/wp\/v2\/pages\/1049\/revisions"}],"predecessor-version":[{"id":4092,"href":"https:\/\/luxopuncture-reims.fr\/index.php\/wp-json\/wp\/v2\/pages\/1049\/revisions\/4092"}],"wp:attachment":[{"href":"https:\/\/luxopuncture-reims.fr\/index.php\/wp-json\/wp\/v2\/media?parent=1049"}],"curies":[{"name":"wp","href":"https:\/\/api.w.org\/{rel}","templated":true}]}}